{"id":21685,"date":"2020-12-11T16:28:37","date_gmt":"2020-12-11T15:28:37","guid":{"rendered":"https:\/\/www.interbusinesschamber.com\/produit\/isis-pharma-ruboril-lotion-lait-demaquillant-apaisant-250-ml\/"},"modified":"2020-12-30T16:57:22","modified_gmt":"2020-12-30T15:57:22","slug":"isis-pharma-ruboril-lotion-lait-demaquillant-apaisant-250-ml","status":"publish","type":"product","link":"https:\/\/www.sopha-sahara.com\/en\/product\/isis-pharma-ruboril-lotion-lait-demaquillant-apaisant-250-ml\/","title":{"rendered":"ISIS PHARMA RUBORIL LOTION LAIT D\u00c9MAQUILLANT APAISANT 250 ML"},"content":{"rendered":"<p><strong>utilisation<\/strong><br \/>appliquer ruboril\u00ae lotion matin et soir \u00e0 l\u2019aide d\u2019un coton ou du bout des doigts sur le visage et les yeux. retirer si besoin l\u2019exc\u00e9dent. sans rin\u00e7age.<\/p>\n<p>sans savon \u2022 sans parfum \u2022 ph physiologique \u2022 hypoallerg\u00e9nique<\/p>\n<p>test\u00e9 sous contr\u00f4le dermatologique et ophtalmologique<\/p>","protected":false},"excerpt":{"rendered":"<p>ruboril\u00ae lotion a \u00e9t\u00e9 sp\u00e9cialement d\u00e9velopp\u00e9 pour les peaux sensibles et r\u00e9actives. enrichi en actifs apaisants ce lait nettoie et d\u00e9maquille en douceur visage &amp; yeux et aide la peau \u00e0 retrouver son \u00e9quilibre naturel. sa texture fra\u00eeche et fluide laisse la peau douce et hydrat\u00e9e*. excellente tol\u00e9rance cutan\u00e9e et oculaire.<\/p>\n<p>*auto-\u00e9valuation r\u00e9alis\u00e9e sur 20 volontaires.<\/p>\n<p>propri\u00e9t\u00e9s des ingr\u00e9dients principaux<\/p>\n<p>\u2022 extrait de ficaire fausse-renoncule : apaise adoucit et poss\u00e8de des propri\u00e9t\u00e9s anti-rougeurs<\/p>\n<p>\u2022 acide glycyrrh\u00e9tinique : action apaisante<\/p>\n<p>\u2022 glyc\u00e9rine : hydrate<\/p>","protected":false},"featured_media":21611,"template":"","meta":{"arc_restricted_post":false},"product_cat":[48,327],"product_tag":[],"_links":{"self":[{"href":"https:\/\/www.sopha-sahara.com\/en\/wp-json\/wp\/v2\/product\/21685"}],"collection":[{"href":"https:\/\/www.sopha-sahara.com\/en\/wp-json\/wp\/v2\/product"}],"about":[{"href":"https:\/\/www.sopha-sahara.com\/en\/wp-json\/wp\/v2\/types\/product"}],"wp:featuredmedia":[{"embeddable":true,"href":"https:\/\/www.sopha-sahara.com\/en\/wp-json\/wp\/v2\/media\/21611"}],"wp:attachment":[{"href":"https:\/\/www.sopha-sahara.com\/en\/wp-json\/wp\/v2\/media?parent=21685"}],"wp:term":[{"taxonomy":"product_cat","embeddable":true,"href":"https:\/\/www.sopha-sahara.com\/en\/wp-json\/wp\/v2\/product_cat?post=21685"},{"taxonomy":"product_tag","embeddable":true,"href":"https:\/\/www.sopha-sahara.com\/en\/wp-json\/wp\/v2\/product_tag?post=21685"}],"curies":[{"name":"wp","href":"https:\/\/api.w.org\/{rel}","templated":true}]}}