{"id":21684,"date":"2020-12-11T16:28:37","date_gmt":"2020-12-11T15:28:37","guid":{"rendered":"https:\/\/www.interbusinesschamber.com\/produit\/isis-pharma-ruboril-expert-spf-50-creme-anti-rougeurs-teintee-40-ml\/"},"modified":"2020-12-30T16:56:47","modified_gmt":"2020-12-30T15:56:47","slug":"isis-pharma-ruboril-expert-spf-50-creme-anti-rougeurs-teintee-40-ml","status":"publish","type":"product","link":"https:\/\/www.sopha-sahara.com\/en\/product\/isis-pharma-ruboril-expert-spf-50-creme-anti-rougeurs-teintee-40-ml\/","title":{"rendered":"ISIS PHARMA RUBORIL EXPERT SPF 50+ CR\u00c8ME ANTI-ROUGEURS TEINT\u00c9E 40 ML"},"content":{"rendered":"<p><strong>UTILISATION<\/strong>\u00a0<\/p>\n<p>Appliquer\u00a0RUBORIL\u00ae\u00a0expert 50+\u00a0le matin sur le visage et le cou sur une peau propre. R\u00e9appliquer si n\u00e9cessaire une fois durant la journ\u00e9e. \u00c9viter le contact avec les yeux.<\/p>\n<p>0% PH\u00c9NOXY\u00c9THANOL \u2022 SANS PARFUM\u00a0\u2022 HYPOALLERG\u00c9NIQUE\u00a0<\/p>\n<p>TEST\u00c9 SOUS CONTR\u00d4LE DERMATOLOGIQUE<\/p>","protected":false},"excerpt":{"rendered":"<p>RUBORIL\u00ae\u00a0expert 50+\u00a0a \u00e9t\u00e9 sp\u00e9cialement d\u00e9velopp\u00e9 pour les\u00a0peaux sensibles et r\u00e9actives.\u00a0Il\u00a0associe une action anti-rougeurs* \u00e0 une protection optimale\u00a0SPF 50+ UVB\/UVA et aide la peau \u00e0 lutter\u00a0contre l\u2019apparition et l\u2019aggravation des rougeurs\u00a0diffuses. Couvrance l\u00e9g\u00e8re et toucher sec pour un\u00a0teint unifi\u00e9 et matifi\u00e9*.\u00a0<\/p>\n<p>*Efficacit\u00e9 cliniquement\u00a0prouv\u00e9e.\u00a0<\/p>\n<p>PROPRI\u00c9T\u00c9S DES INGR\u00c9DIENTS PRINCIPAUX\u00a0<\/p>\n<p>EXTRAIT DE LEVURE + EXTRAITS DE PLANTES\u00a0: actif anti-rougeurs et apaisantGLYC\u00c9RINE\u00a0: agent hydratantM\u00c9LANGE DE FILTRES CHIMIQUES ET MIN\u00c9RAUX\u00a0: protection optimale UVB\/UVA\u00a0<\/p>","protected":false},"featured_media":21610,"template":"","meta":{"arc_restricted_post":false},"product_cat":[48,327],"product_tag":[],"_links":{"self":[{"href":"https:\/\/www.sopha-sahara.com\/en\/wp-json\/wp\/v2\/product\/21684"}],"collection":[{"href":"https:\/\/www.sopha-sahara.com\/en\/wp-json\/wp\/v2\/product"}],"about":[{"href":"https:\/\/www.sopha-sahara.com\/en\/wp-json\/wp\/v2\/types\/product"}],"wp:featuredmedia":[{"embeddable":true,"href":"https:\/\/www.sopha-sahara.com\/en\/wp-json\/wp\/v2\/media\/21610"}],"wp:attachment":[{"href":"https:\/\/www.sopha-sahara.com\/en\/wp-json\/wp\/v2\/media?parent=21684"}],"wp:term":[{"taxonomy":"product_cat","embeddable":true,"href":"https:\/\/www.sopha-sahara.com\/en\/wp-json\/wp\/v2\/product_cat?post=21684"},{"taxonomy":"product_tag","embeddable":true,"href":"https:\/\/www.sopha-sahara.com\/en\/wp-json\/wp\/v2\/product_tag?post=21684"}],"curies":[{"name":"wp","href":"https:\/\/api.w.org\/{rel}","templated":true}]}}