{"id":21681,"date":"2020-12-11T16:28:36","date_gmt":"2020-12-11T15:28:36","guid":{"rendered":"https:\/\/www.interbusinesschamber.com\/produit\/isis-pharma-teen-derm-gel-sensitive-nettoyant-purifiant-250-ml\/"},"modified":"2020-12-30T17:06:52","modified_gmt":"2020-12-30T16:06:52","slug":"isis-pharma-teen-derm-gel-sensitive-nettoyant-purifiant-250-ml","status":"publish","type":"product","link":"https:\/\/www.sopha-sahara.com\/en\/product\/isis-pharma-teen-derm-gel-sensitive-nettoyant-purifiant-250-ml\/","title":{"rendered":"ISIS PHARMA TEEN DERM GEL SENSITIVE NETTOYANT PURIFIANT 250 ML"},"content":{"rendered":"<p><strong>utilisation<\/strong><br \/>appliquer matin et soir sur l\u2019ensemble du visage et du cou humidifi\u00e9s ou comme indiqu\u00e9 par votre dermatologue ou professionnel de sant\u00e9. masser d\u00e9licatement puis rincer.<\/p>\n<p>0% ph\u00e9noxy\u00e9thanol \u2022 sans savon \u2022 ph physiologique \u2022 non com\u00e9dog\u00e8ne \u2022 hypoallerg\u00e9nique<\/p>\n<p>test\u00e9 sous conr\u00f4le dermatologique<\/p>","protected":false},"excerpt":{"rendered":"<p>teen derm\u00ae gel sensitive a \u00e9t\u00e9 sp\u00e9cialement d\u00e9velopp\u00e9 pour les peaux sensibles \u00e0 imperfections. enrichi en actifs s\u00e9bor\u00e9gulateurs astringents et apaisants il nettoie en douceur tout en \u00e9liminant impuret\u00e9s et exc\u00e8s de s\u00e9bum. le teint est matifi\u00e9. la peau est fra\u00eeche purifi\u00e9e et apais\u00e9e*.<\/p>\n<p>*auto-\u00e9valuation r\u00e9alis\u00e9e sur 21 volontaires.<\/p>\n<p>propri\u00e9t\u00e9s des principaux actifs<\/p>\n<p>\u2022 butyl avocadate et zinc+l-pca: s\u00e9bor\u00e9gulateurs<\/p>\n<p>\u2022 zinc+l-pca: assainissant<\/p>\n<p>\u2022 extrait de boswellia glucose + xylitol naturel et propolis: apaisant \/ hydratant \/ r\u00e9parateur<\/p>","protected":false},"featured_media":21619,"template":"","meta":{"arc_restricted_post":false},"product_cat":[48,327],"product_tag":[],"_links":{"self":[{"href":"https:\/\/www.sopha-sahara.com\/en\/wp-json\/wp\/v2\/product\/21681"}],"collection":[{"href":"https:\/\/www.sopha-sahara.com\/en\/wp-json\/wp\/v2\/product"}],"about":[{"href":"https:\/\/www.sopha-sahara.com\/en\/wp-json\/wp\/v2\/types\/product"}],"wp:featuredmedia":[{"embeddable":true,"href":"https:\/\/www.sopha-sahara.com\/en\/wp-json\/wp\/v2\/media\/21619"}],"wp:attachment":[{"href":"https:\/\/www.sopha-sahara.com\/en\/wp-json\/wp\/v2\/media?parent=21681"}],"wp:term":[{"taxonomy":"product_cat","embeddable":true,"href":"https:\/\/www.sopha-sahara.com\/en\/wp-json\/wp\/v2\/product_cat?post=21681"},{"taxonomy":"product_tag","embeddable":true,"href":"https:\/\/www.sopha-sahara.com\/en\/wp-json\/wp\/v2\/product_tag?post=21681"}],"curies":[{"name":"wp","href":"https:\/\/api.w.org\/{rel}","templated":true}]}}