{"id":21680,"date":"2020-12-11T16:28:36","date_gmt":"2020-12-11T15:28:36","guid":{"rendered":"https:\/\/www.interbusinesschamber.com\/produit\/isis-pharma-teen-derm-alpha-pure-soin-intense-anti-imperfections-30-ml\/"},"modified":"2020-12-30T17:04:52","modified_gmt":"2020-12-30T16:04:52","slug":"isis-pharma-teen-derm-alpha-pure-soin-intense-anti-imperfections-30-ml","status":"publish","type":"product","link":"https:\/\/www.sopha-sahara.com\/en\/product\/isis-pharma-teen-derm-alpha-pure-soin-intense-anti-imperfections-30-ml\/","title":{"rendered":"ISIS PHARMA TEEN DERM ALPHA PURE SOIN INTENSE ANTI-IMPERFECTIONS 30 ML"},"content":{"rendered":"<p><strong>utilisation<\/strong><br \/>appliquer matin et soir sur l\u2019ensemble du visage pr\u00e9alablement nettoy\u00e9 et s\u00e9ch\u00e9 ou comme indiqu\u00e9 par votre dermatologue ou professionnel de sant\u00e9. \u00e9viter le contact avec les yeux.<\/p>\n<p>0% ph\u00e9noxy\u00e9thanol \u00a0\u2022 hypoallerg\u00e9nique<\/p>\n<p>test\u00e9 sous contr\u00f4le dermatologique<\/p>","protected":false},"excerpt":{"rendered":"<p>teen derm \u03b1-pure\u00ae est un soin intense anti-imperfections s\u00e9v\u00e8res. l\u2019association synergique du complexe \u03b1-pure\u00ae et d\u2019un actif hypoallerg\u00e9nique enrichi en polyph\u00e9nols renforce l\u2019action des agents apaisants et purifiants pour une efficacit\u00e9 optimale. imperfections r\u00e9duites. peau nette purifi\u00e9e et apais\u00e9e. texture gel-cr\u00e8me. effet frais et fini mat.<\/p>\n<p>efficacit\u00e9 cliniquement prouv\u00e9e.<\/p>\n<p>propri\u00e9t\u00e9s des principaux actifs<\/p>\n<p>\u2022 [complexe \u03b1-pure\u00ae]: \u00a0association d\u2019actifs s\u00e9bor\u00e9gulateurs astringents exfoliants purifiants assainissants apaisants et hydratants<\/p>\n<p>cliquer ici pour plus d\u2019informations sur le complexe<\/p>\n<p>\u2022 extrait de renou\u00e9e du japon + myristyl pca : assainissant \/ purifiant \/ apaisant<\/p>\n","protected":false},"featured_media":21617,"template":"","meta":{"arc_restricted_post":false},"product_cat":[48,327],"product_tag":[],"_links":{"self":[{"href":"https:\/\/www.sopha-sahara.com\/en\/wp-json\/wp\/v2\/product\/21680"}],"collection":[{"href":"https:\/\/www.sopha-sahara.com\/en\/wp-json\/wp\/v2\/product"}],"about":[{"href":"https:\/\/www.sopha-sahara.com\/en\/wp-json\/wp\/v2\/types\/product"}],"wp:featuredmedia":[{"embeddable":true,"href":"https:\/\/www.sopha-sahara.com\/en\/wp-json\/wp\/v2\/media\/21617"}],"wp:attachment":[{"href":"https:\/\/www.sopha-sahara.com\/en\/wp-json\/wp\/v2\/media?parent=21680"}],"wp:term":[{"taxonomy":"product_cat","embeddable":true,"href":"https:\/\/www.sopha-sahara.com\/en\/wp-json\/wp\/v2\/product_cat?post=21680"},{"taxonomy":"product_tag","embeddable":true,"href":"https:\/\/www.sopha-sahara.com\/en\/wp-json\/wp\/v2\/product_tag?post=21680"}],"curies":[{"name":"wp","href":"https:\/\/api.w.org\/{rel}","templated":true}]}}