{"id":21679,"date":"2020-12-11T16:28:33","date_gmt":"2020-12-11T15:28:33","guid":{"rendered":"https:\/\/www.interbusinesschamber.com\/produit\/isis-pharma-teen-derm-hydra-hydratant-compensateur-apaisant-40-ml\/"},"modified":"2020-12-30T17:07:24","modified_gmt":"2020-12-30T16:07:24","slug":"isis-pharma-teen-derm-hydra-hydratant-compensateur-apaisant-40-ml","status":"publish","type":"product","link":"https:\/\/www.sopha-sahara.com\/en\/product\/isis-pharma-teen-derm-hydra-hydratant-compensateur-apaisant-40-ml\/","title":{"rendered":"ISIS PHARMA TEEN DERM HYDRA HYDRATANT COMPENSATEUR APAISANT 40 ML"},"content":{"rendered":"<p><strong>utilisation<\/strong><br \/>appliquer matin et soir sur l\u2019ensemble du visage et du cou pr\u00e9alablement nettoy\u00e9s et s\u00e9ch\u00e9s ou comme indiqu\u00e9 par votre dermatologue ou professionnel de sant\u00e9. \u00e9viter le contact avec les yeux.<\/p>\n<p>0% ph\u00e9noxy\u00e9thanol \u2022 hypoallerg\u00e9nique \u2022 non com\u00e9dog\u00e8ne<\/p>\n<p>test\u00e9 sous contr\u00f4le dermatologique<\/p>","protected":false},"excerpt":{"rendered":"<p>teen derm hydra a \u00e9t\u00e9 sp\u00e9cialement d\u00e9velopp\u00e9 pour accompagner les peaux \u00e0 tendance acn\u00e9ique fragilis\u00e9es par les traitements dess\u00e9chants. riche en puissants actifs hydratants restructurants et apaisants il hydrate nourrit et apaise durablement. la peau retrouve confort et souplesse. texture l\u00e9g\u00e8re.<\/p>\n<p>efficacit\u00e9 cliniquement prouv\u00e9e.<\/p>\n<p>propri\u00e9t\u00e9s des principaux actifs<\/p>\n<p>\u2022 beurre de cacao et glucose + xylitol naturel : hydratants \/ restructurants et protecteurs<\/p>\n<p>\u2022 bisabolol et polymere biomim\u00e9tique : apaisants<\/p>\n<p>\u2022 butyl avocadate : s\u00e9bor\u00e9gulateur<\/p>","protected":false},"featured_media":21620,"template":"","meta":{"arc_restricted_post":false},"product_cat":[48,327],"product_tag":[],"_links":{"self":[{"href":"https:\/\/www.sopha-sahara.com\/en\/wp-json\/wp\/v2\/product\/21679"}],"collection":[{"href":"https:\/\/www.sopha-sahara.com\/en\/wp-json\/wp\/v2\/product"}],"about":[{"href":"https:\/\/www.sopha-sahara.com\/en\/wp-json\/wp\/v2\/types\/product"}],"wp:featuredmedia":[{"embeddable":true,"href":"https:\/\/www.sopha-sahara.com\/en\/wp-json\/wp\/v2\/media\/21620"}],"wp:attachment":[{"href":"https:\/\/www.sopha-sahara.com\/en\/wp-json\/wp\/v2\/media?parent=21679"}],"wp:term":[{"taxonomy":"product_cat","embeddable":true,"href":"https:\/\/www.sopha-sahara.com\/en\/wp-json\/wp\/v2\/product_cat?post=21679"},{"taxonomy":"product_tag","embeddable":true,"href":"https:\/\/www.sopha-sahara.com\/en\/wp-json\/wp\/v2\/product_tag?post=21679"}],"curies":[{"name":"wp","href":"https:\/\/api.w.org\/{rel}","templated":true}]}}