{"id":21678,"date":"2020-12-11T16:28:33","date_gmt":"2020-12-11T15:28:33","guid":{"rendered":"https:\/\/www.interbusinesschamber.com\/produit\/isis-pharma-sensylia-gelee-demaquillante-200-ml\/"},"modified":"2020-12-30T17:00:56","modified_gmt":"2020-12-30T16:00:56","slug":"isis-pharma-sensylia-gelee-demaquillante-200-ml","status":"publish","type":"product","link":"https:\/\/www.sopha-sahara.com\/en\/product\/isis-pharma-sensylia-gelee-demaquillante-200-ml\/","title":{"rendered":"ISIS PHARMA SENSYLIA GEL\u00c9E D\u00c9MAQUILLANTE 200 ML"},"content":{"rendered":"","protected":false},"excerpt":{"rendered":"<p>sensylia\u00ae gel\u00e9e est enrichie avec un complexe d\u2019ingr\u00e9dients hydratants et apaisants et d\u00e9maquille parfaitement.<\/p>\n<p>propri\u00e9t\u00e9s des ingr\u00e9dients principaux<\/p>\n<p>\u2022 extrait d\u2019imperata cylindrica : hydrate l\u2019\u00e9piderme et cr\u00e9\u00e9 un r\u00e9servoir d\u2019eau<\/p>\n<p>\u2022 t\u00e9trapeptide sp\u00e9cifique : apaise les peaux hyperr\u00e9actives et augmente le seuil de tol\u00e9rance de la peau<\/p>\n<p>\u2022 glyc\u00e9rine : hydrate<\/p>\n<p>utilisation<br \/>appliquer sensylia\u00ae gel\u00e9e \u00e0 l\u2019aide d\u2019un coton ou du bout des doigts puis essuyer d\u00e9licatement. sans rin\u00e7age.<\/p>\n<p>0% ph\u00e9noxy\u00e9thanol \u2022 sans savon \u2022 sans parfum<\/p>\n<p>test\u00e9 sous contr\u00f4le dermatologique<\/p>","protected":false},"featured_media":21616,"template":"","meta":{"arc_restricted_post":false},"product_cat":[48,327],"product_tag":[],"_links":{"self":[{"href":"https:\/\/www.sopha-sahara.com\/en\/wp-json\/wp\/v2\/product\/21678"}],"collection":[{"href":"https:\/\/www.sopha-sahara.com\/en\/wp-json\/wp\/v2\/product"}],"about":[{"href":"https:\/\/www.sopha-sahara.com\/en\/wp-json\/wp\/v2\/types\/product"}],"wp:featuredmedia":[{"embeddable":true,"href":"https:\/\/www.sopha-sahara.com\/en\/wp-json\/wp\/v2\/media\/21616"}],"wp:attachment":[{"href":"https:\/\/www.sopha-sahara.com\/en\/wp-json\/wp\/v2\/media?parent=21678"}],"wp:term":[{"taxonomy":"product_cat","embeddable":true,"href":"https:\/\/www.sopha-sahara.com\/en\/wp-json\/wp\/v2\/product_cat?post=21678"},{"taxonomy":"product_tag","embeddable":true,"href":"https:\/\/www.sopha-sahara.com\/en\/wp-json\/wp\/v2\/product_tag?post=21678"}],"curies":[{"name":"wp","href":"https:\/\/api.w.org\/{rel}","templated":true}]}}