{"id":21677,"date":"2020-12-11T16:28:33","date_gmt":"2020-12-11T15:28:33","guid":{"rendered":"https:\/\/www.interbusinesschamber.com\/produit\/isis-pharma-teen-derm-k-concentrate-serum-nuit-30ml\/"},"modified":"2020-12-30T17:09:55","modified_gmt":"2020-12-30T16:09:55","slug":"isis-pharma-teen-derm-k-concentrate-serum-nuit-30ml","status":"publish","type":"product","link":"https:\/\/www.sopha-sahara.com\/en\/product\/isis-pharma-teen-derm-k-concentrate-serum-nuit-30ml\/","title":{"rendered":"ISIS PHARMA TEEN DERM K CONCENTRATE &#8211; SERUM NUIT 30ML"},"content":{"rendered":"<p><strong>utilisation\u00a0<\/strong><br \/>teen derm k concentrate s\u2019applique quotidiennement le soir sur le visage nettoy\u00e9 avec teen derm gel. s\u2019applique directement sur les imperfections.\u00a0<\/p>\n<p><strong>propriete<\/strong>\u00a0<br \/>grace \u00e0 une combinaison de 5 actifs de derni\u00e8re g\u00e9n\u00e9ration le teen derm k concentrate est parfait pour traiter les peaux avec une acn\u00e9 s\u00e9rieuse \u00e0 s\u00e9v\u00e8re :\u00a0<br \/>1. le glucono-delta-lactone (pha) exfolie la peau pour enlever l'exc\u00e8s de s\u00e9bum\u00a0<br \/>2. l'acide glycolique (aha) exfolie l\u2019exc\u00e8s de s\u00e9bum\u00a0<br \/>3. le zincidone inhibe les 5 \u00ee\u00b1-reductase\u00a0<br \/>4. l'acide salicylique (bha) exfolie et ass\u00e8che la peau\u00a0<br \/>5. le 5\u00ee\u00b1 -avocuta r\u00e9gule la s\u00e9cr\u00e9tion de s\u00e9bum et est anti-inflammatoire\u00a0<\/p>\n<p><strong>ingredients<\/strong>\u00a0<br \/>aqua (water) glycolic acid gluconolactone sodium hydroxide hydroxyethyl acrylate \/ sodium acryloyldimethyltaurate copolymer peg-7 glyceryl cocoate squalane zinc pca butyl avocadate salicylic acid hydroxyethylcellulose disodium edta ppg-26-buteth-26 polysorbate 60 peg-40 hydrogenated castor oil parfum (fragrance) sodium metabisulfite linalool hydroxyisohexyl 3-cyclohexene carboxaldehyde citronellol limonene\u00a0<\/p>","protected":false},"excerpt":{"rendered":"<p>Peaux grasses \u00e0 imperfections\u00a0<br \/>s\u00e9rum concentr\u00e9 actif\u00a0<\/p>","protected":false},"featured_media":21622,"template":"","meta":{"arc_restricted_post":false},"product_cat":[48,327],"product_tag":[],"_links":{"self":[{"href":"https:\/\/www.sopha-sahara.com\/en\/wp-json\/wp\/v2\/product\/21677"}],"collection":[{"href":"https:\/\/www.sopha-sahara.com\/en\/wp-json\/wp\/v2\/product"}],"about":[{"href":"https:\/\/www.sopha-sahara.com\/en\/wp-json\/wp\/v2\/types\/product"}],"wp:featuredmedia":[{"embeddable":true,"href":"https:\/\/www.sopha-sahara.com\/en\/wp-json\/wp\/v2\/media\/21622"}],"wp:attachment":[{"href":"https:\/\/www.sopha-sahara.com\/en\/wp-json\/wp\/v2\/media?parent=21677"}],"wp:term":[{"taxonomy":"product_cat","embeddable":true,"href":"https:\/\/www.sopha-sahara.com\/en\/wp-json\/wp\/v2\/product_cat?post=21677"},{"taxonomy":"product_tag","embeddable":true,"href":"https:\/\/www.sopha-sahara.com\/en\/wp-json\/wp\/v2\/product_tag?post=21677"}],"curies":[{"name":"wp","href":"https:\/\/api.w.org\/{rel}","templated":true}]}}