{"id":21676,"date":"2020-12-11T16:28:33","date_gmt":"2020-12-11T15:28:33","guid":{"rendered":"https:\/\/www.interbusinesschamber.com\/produit\/isis-pharma-bodytone-reveal-100-ml\/"},"modified":"2020-12-30T16:35:29","modified_gmt":"2020-12-30T15:35:29","slug":"isis-pharma-bodytone-reveal-100-ml","status":"publish","type":"product","link":"https:\/\/www.sopha-sahara.com\/en\/product\/isis-pharma-bodytone-reveal-100-ml\/","title":{"rendered":"ISIS PHARMA BODYTONE REVEAL 100 ML"},"content":{"rendered":"<h4><strong>Utilisation<\/strong><\/h4>\n<p>Appliquer BODYTONE REVEAL sur le corps, une \u00e0 deux fois par jour.<\/p>\n<h4><strong>Propri\u00e9t\u00e9s<\/strong><\/h4>\n<p>Riche en composants hydratant naturels associ\u00e9s \u00e0 un complexe d\u2019ingr\u00e9dients actifs \u00e9clairissant, BODYTONE REVEAL aide votre peau \u00e0 retrouver sa souplesse et sa luminosit\u00e9 apr\u00e8s quelques applications.<\/p>\n<p>Texture l\u00e9g\u00e8re et non-grasse.<br \/>Rapidement absorb\u00e9.<\/p>","protected":false},"excerpt":{"rendered":"<p>Taches pigmentaires<br \/>Lait corporel r\u00e9v\u00e9lateur et hydratant<\/p>","protected":false},"featured_media":21596,"template":"","meta":{"arc_restricted_post":false},"product_cat":[48,327],"product_tag":[],"_links":{"self":[{"href":"https:\/\/www.sopha-sahara.com\/en\/wp-json\/wp\/v2\/product\/21676"}],"collection":[{"href":"https:\/\/www.sopha-sahara.com\/en\/wp-json\/wp\/v2\/product"}],"about":[{"href":"https:\/\/www.sopha-sahara.com\/en\/wp-json\/wp\/v2\/types\/product"}],"wp:featuredmedia":[{"embeddable":true,"href":"https:\/\/www.sopha-sahara.com\/en\/wp-json\/wp\/v2\/media\/21596"}],"wp:attachment":[{"href":"https:\/\/www.sopha-sahara.com\/en\/wp-json\/wp\/v2\/media?parent=21676"}],"wp:term":[{"taxonomy":"product_cat","embeddable":true,"href":"https:\/\/www.sopha-sahara.com\/en\/wp-json\/wp\/v2\/product_cat?post=21676"},{"taxonomy":"product_tag","embeddable":true,"href":"https:\/\/www.sopha-sahara.com\/en\/wp-json\/wp\/v2\/product_tag?post=21676"}],"curies":[{"name":"wp","href":"https:\/\/api.w.org\/{rel}","templated":true}]}}