{"id":21675,"date":"2020-12-11T16:28:33","date_gmt":"2020-12-11T15:28:33","guid":{"rendered":"https:\/\/www.interbusinesschamber.com\/produit\/isis-pharma-bodytone-white-100-ml\/"},"modified":"2020-12-30T16:36:41","modified_gmt":"2020-12-30T15:36:41","slug":"isis-pharma-bodytone-white-100-ml","status":"publish","type":"product","link":"https:\/\/www.sopha-sahara.com\/en\/product\/isis-pharma-bodytone-white-100-ml\/","title":{"rendered":"ISIS PHARMA BODYTONE WHITE 100 ML"},"content":{"rendered":"<h4><strong>Utilisation<\/strong><\/h4>\n<p>Appliquer BODYTONE WHITE sur le corps, une fois par jour, le soir.<\/p>\n<h4><strong>Propri\u00e9t\u00e9s<\/strong><\/h4>\n<p>Riche en composants hydratant naturels associ\u00e9s \u00e0 un complexe d\u2019ingr\u00e9dients actifs blanchissant, BODYTONE WHITE aide votre peau \u00e0 retrouver sa souplesse et sa luminosit\u00e9 apr\u00e8s quelques applications.<\/p>\n<p>Texture l\u00e9g\u00e8re et non-grasse.<br \/>Rapidement absorb\u00e9.<\/p>","protected":false},"excerpt":{"rendered":"<p>Taches pigmentaires<br \/>Lait corporel d\u00e9pigmentant et hydratant<\/p>","protected":false},"featured_media":21597,"template":"","meta":{"arc_restricted_post":false},"product_cat":[48,327],"product_tag":[],"_links":{"self":[{"href":"https:\/\/www.sopha-sahara.com\/en\/wp-json\/wp\/v2\/product\/21675"}],"collection":[{"href":"https:\/\/www.sopha-sahara.com\/en\/wp-json\/wp\/v2\/product"}],"about":[{"href":"https:\/\/www.sopha-sahara.com\/en\/wp-json\/wp\/v2\/types\/product"}],"wp:featuredmedia":[{"embeddable":true,"href":"https:\/\/www.sopha-sahara.com\/en\/wp-json\/wp\/v2\/media\/21597"}],"wp:attachment":[{"href":"https:\/\/www.sopha-sahara.com\/en\/wp-json\/wp\/v2\/media?parent=21675"}],"wp:term":[{"taxonomy":"product_cat","embeddable":true,"href":"https:\/\/www.sopha-sahara.com\/en\/wp-json\/wp\/v2\/product_cat?post=21675"},{"taxonomy":"product_tag","embeddable":true,"href":"https:\/\/www.sopha-sahara.com\/en\/wp-json\/wp\/v2\/product_tag?post=21675"}],"curies":[{"name":"wp","href":"https:\/\/api.w.org\/{rel}","templated":true}]}}