{"id":21674,"date":"2020-12-11T16:28:33","date_gmt":"2020-12-11T15:28:33","guid":{"rendered":"https:\/\/www.interbusinesschamber.com\/produit\/isispharma-sensylia-hydratation-24-h-40-ml\/"},"modified":"2020-12-30T17:24:12","modified_gmt":"2020-12-30T16:24:12","slug":"isispharma-sensylia-hydratation-24-h-40-ml","status":"publish","type":"product","link":"https:\/\/www.sopha-sahara.com\/en\/product\/isispharma-sensylia-hydratation-24-h-40-ml\/","title":{"rendered":"ISISPHARMA SENSYLIA HYDRATATION 24 H (40 ML)"},"content":{"rendered":"","protected":false},"excerpt":{"rendered":"<p>Isispharma sensylia hydratation 24 h, cr\u00e8me hydratante fortifiante pour les peaux d\u00e9shydrat\u00e9es fragilis\u00e9es.<\/p>","protected":false},"featured_media":21639,"template":"","meta":{"arc_restricted_post":false},"product_cat":[48,327],"product_tag":[],"_links":{"self":[{"href":"https:\/\/www.sopha-sahara.com\/en\/wp-json\/wp\/v2\/product\/21674"}],"collection":[{"href":"https:\/\/www.sopha-sahara.com\/en\/wp-json\/wp\/v2\/product"}],"about":[{"href":"https:\/\/www.sopha-sahara.com\/en\/wp-json\/wp\/v2\/types\/product"}],"wp:featuredmedia":[{"embeddable":true,"href":"https:\/\/www.sopha-sahara.com\/en\/wp-json\/wp\/v2\/media\/21639"}],"wp:attachment":[{"href":"https:\/\/www.sopha-sahara.com\/en\/wp-json\/wp\/v2\/media?parent=21674"}],"wp:term":[{"taxonomy":"product_cat","embeddable":true,"href":"https:\/\/www.sopha-sahara.com\/en\/wp-json\/wp\/v2\/product_cat?post=21674"},{"taxonomy":"product_tag","embeddable":true,"href":"https:\/\/www.sopha-sahara.com\/en\/wp-json\/wp\/v2\/product_tag?post=21674"}],"curies":[{"name":"wp","href":"https:\/\/api.w.org\/{rel}","templated":true}]}}