{"id":21673,"date":"2020-12-11T16:28:33","date_gmt":"2020-12-11T15:28:33","guid":{"rendered":"https:\/\/www.interbusinesschamber.com\/produit\/isis-pharma-geneskin-lift-serum-serum-liftant-28-ml\/"},"modified":"2020-12-30T16:39:32","modified_gmt":"2020-12-30T15:39:32","slug":"isis-pharma-geneskin-lift-serum-serum-liftant-28-ml","status":"publish","type":"product","link":"https:\/\/www.sopha-sahara.com\/en\/product\/isis-pharma-geneskin-lift-serum-serum-liftant-28-ml\/","title":{"rendered":"ISIS PHARMA GENESKIN LIFT SERUM S\u00c9RUM LIFTANT 28 ML"},"content":{"rendered":"<p><strong>utilisation<\/strong><br \/>appliquer trois gouttes de geneskin\u00ae lift \u2013 s\u00e9rum liftant matin et soir sur le visage et le cou avant la cr\u00e8me de soin.<\/p>\n<p>test\u00e9 sous contr\u00f4le dermatologique<\/p>","protected":false},"excerpt":{"rendered":"<p>Gr\u00e2ce \u00e0 sa formule concentr\u00e9e en acide hyaluronique (\u00e0 haut et bas poids mol\u00e9culaires) geneskin\u00ae lift \u2013 s\u00e9rum liftant optimise l\u2019hydratation pour une peau liss\u00e9e et renforce le maintient cutan\u00e9 en stimulant la synth\u00e8se de collag\u00e8ne*. les rides sont att\u00e9nu\u00e9es et la peau repulp\u00e9e.<\/p>\n<p>*efficacit\u00e9 cliniquement prouv\u00e9e : augmente la synth\u00e8se naturelle de collag\u00e8ne et d\u2019acide hyaluronique d\u00e8s 48h d\u2019utilisation.<\/p>\n<p>propri\u00e9t\u00e9s des ingr\u00e9dients principaux<\/p>\n<p>[complexe dn-act] : une association d\u2019actifs brevet\u00e9e offrant une triple efficacit\u00e9 pour agir \u00e0 l\u2019origine du vieillissement cutan\u00e9.<\/p>\n<p>acides hyaluroniques (haut et bas poids mol\u00e9culaires) \/ pr\u00e9curseur d\u2019acide hyaluronique \/ poudre min\u00e9rale : agents raffermissants remodelants hydratants et combleur de rides<\/p>\n","protected":false},"featured_media":21601,"template":"","meta":{"arc_restricted_post":false},"product_cat":[48,327],"product_tag":[],"_links":{"self":[{"href":"https:\/\/www.sopha-sahara.com\/en\/wp-json\/wp\/v2\/product\/21673"}],"collection":[{"href":"https:\/\/www.sopha-sahara.com\/en\/wp-json\/wp\/v2\/product"}],"about":[{"href":"https:\/\/www.sopha-sahara.com\/en\/wp-json\/wp\/v2\/types\/product"}],"wp:featuredmedia":[{"embeddable":true,"href":"https:\/\/www.sopha-sahara.com\/en\/wp-json\/wp\/v2\/media\/21601"}],"wp:attachment":[{"href":"https:\/\/www.sopha-sahara.com\/en\/wp-json\/wp\/v2\/media?parent=21673"}],"wp:term":[{"taxonomy":"product_cat","embeddable":true,"href":"https:\/\/www.sopha-sahara.com\/en\/wp-json\/wp\/v2\/product_cat?post=21673"},{"taxonomy":"product_tag","embeddable":true,"href":"https:\/\/www.sopha-sahara.com\/en\/wp-json\/wp\/v2\/product_tag?post=21673"}],"curies":[{"name":"wp","href":"https:\/\/api.w.org\/{rel}","templated":true}]}}