{"id":21672,"date":"2020-12-11T16:28:32","date_gmt":"2020-12-11T15:28:32","guid":{"rendered":"https:\/\/www.interbusinesschamber.com\/produit\/isis-pharma-geneskin-white-serum-eclaircissant-28-ml\/"},"modified":"2020-12-30T16:40:03","modified_gmt":"2020-12-30T15:40:03","slug":"isis-pharma-geneskin-white-serum-eclaircissant-28-ml","status":"publish","type":"product","link":"https:\/\/www.sopha-sahara.com\/en\/product\/isis-pharma-geneskin-white-serum-eclaircissant-28-ml\/","title":{"rendered":"ISIS PHARMA GENESKIN WHITE S\u00c9RUM \u00c9CLAIRCISSANT 28 ML"},"content":{"rendered":"<p><strong>utilisation<\/strong><br \/>appliquer trois gouttes de geneskin white \u2013 s\u00e9rum \u00e9claircissant matin et soir sur le visage et le cou avant la cr\u00e8me de soin.<br \/>ne pas s\u2019exposer au soleil directement apr\u00e8s application du produit. utiliser une protection solaire la journ\u00e9e. \u00e9viter le contour des yeux.<\/p>\n<p>test\u00e9 sous contr\u00f4le dermatologique<\/p>","protected":false},"excerpt":{"rendered":"<p>Geneskin white \u2013 s\u00e9rum \u00e9claircissant agit simultan\u00e9ment sur l\u2019uniformit\u00e9 du teint et sur les taches pigmentaires gr\u00e2ce \u00e0 son action \u00e9claircissante.<br \/>les taches s\u2019estompent* et la peau retrouve son uniformit\u00e9.<\/p>\n<p>*efficacit\u00e9 cliniquement prouv\u00e9e : diminution de l\u2019intensit\u00e9 des taches pigmentaires pour 64% des volontaires pendant l\u2019\u00e9t\u00e9.<\/p>\n<p>propri\u00e9t\u00e9s des ingr\u00e9dients principaux<\/p>\n<p>[complexe dn-act] : une association d\u2019actifs brevet\u00e9e offrant une triple efficacit\u00e9 pour agir \u00e0 l\u2019origine du vieillissement cutan\u00e9.<\/p>\n<p>vitamine c \/ actif \u00e9claircissant : agents illuminants et agents \u00e9claircissants anti-taches brunes<\/p>\n","protected":false},"featured_media":21602,"template":"","meta":{"arc_restricted_post":false},"product_cat":[48,327],"product_tag":[],"_links":{"self":[{"href":"https:\/\/www.sopha-sahara.com\/en\/wp-json\/wp\/v2\/product\/21672"}],"collection":[{"href":"https:\/\/www.sopha-sahara.com\/en\/wp-json\/wp\/v2\/product"}],"about":[{"href":"https:\/\/www.sopha-sahara.com\/en\/wp-json\/wp\/v2\/types\/product"}],"wp:featuredmedia":[{"embeddable":true,"href":"https:\/\/www.sopha-sahara.com\/en\/wp-json\/wp\/v2\/media\/21602"}],"wp:attachment":[{"href":"https:\/\/www.sopha-sahara.com\/en\/wp-json\/wp\/v2\/media?parent=21672"}],"wp:term":[{"taxonomy":"product_cat","embeddable":true,"href":"https:\/\/www.sopha-sahara.com\/en\/wp-json\/wp\/v2\/product_cat?post=21672"},{"taxonomy":"product_tag","embeddable":true,"href":"https:\/\/www.sopha-sahara.com\/en\/wp-json\/wp\/v2\/product_tag?post=21672"}],"curies":[{"name":"wp","href":"https:\/\/api.w.org\/{rel}","templated":true}]}}