{"id":21671,"date":"2020-12-11T16:28:32","date_gmt":"2020-12-11T15:28:32","guid":{"rendered":"https:\/\/www.interbusinesschamber.com\/produit\/isis-pharma-geneskin-lift-creme-creme-lissante-50-ml\/"},"modified":"2020-12-30T16:38:35","modified_gmt":"2020-12-30T15:38:35","slug":"isis-pharma-geneskin-lift-creme-creme-lissante-50-ml","status":"publish","type":"product","link":"https:\/\/www.sopha-sahara.com\/en\/product\/isis-pharma-geneskin-lift-creme-creme-lissante-50-ml\/","title":{"rendered":"ISIS PHARMA GENESKIN LIFT CREME CR\u00c8ME LISSANTE 50 ML"},"content":{"rendered":"<p><strong>utilisation<\/strong><br \/>appliquer geneskin\u00ae lift \u2013 cr\u00e8me lissante le matin sur le visage et le cou. pour une efficacit\u00e9 renforc\u00e9e sur les rides appliquer pr\u00e9c\u00e9demment 3 gouttes de geneskin\u00ae lift \u2013 s\u00e9rum liftant.<\/p>\n<p>test\u00e9 sous contr\u00f4le dermatologique<\/p>","protected":false},"excerpt":{"rendered":"<p>Geneskin\u00ae lift \u2013 cr\u00e8me lissante offre une protection optimale contre les trois principaux types de pollution facteurs du vieillissement cutan\u00e9 et hydrate tout au long de la journ\u00e9e.<br \/>les rides sont liss\u00e9es la peau est raffermie et intens\u00e9ment hydrat\u00e9e.<\/p>\n<p>texture cr\u00e8me fra\u00eeche et onctueuse adapt\u00e9e \u00e0 tous types de peaux.<\/p>\n<p>efficacit\u00e9 cliniquement prouv\u00e9e.<\/p>\n<p>propri\u00e9t\u00e9s des ingr\u00e9dients principaux<\/p>\n<p>[complexe dn-act] : une association d\u2019actifs brevet\u00e9e offrant une triple efficacit\u00e9 pour agir \u00e0 l\u2019origine du vieillissement cutan\u00e9.<\/p>\n<p>algue cryophile \/ bouclier anti-pollution \/ huile de jojoba : agents remodelants hydratants protecteurs et<br \/>raffermissants<\/p>\n","protected":false},"featured_media":21600,"template":"","meta":{"arc_restricted_post":false},"product_cat":[48,327],"product_tag":[],"_links":{"self":[{"href":"https:\/\/www.sopha-sahara.com\/en\/wp-json\/wp\/v2\/product\/21671"}],"collection":[{"href":"https:\/\/www.sopha-sahara.com\/en\/wp-json\/wp\/v2\/product"}],"about":[{"href":"https:\/\/www.sopha-sahara.com\/en\/wp-json\/wp\/v2\/types\/product"}],"wp:featuredmedia":[{"embeddable":true,"href":"https:\/\/www.sopha-sahara.com\/en\/wp-json\/wp\/v2\/media\/21600"}],"wp:attachment":[{"href":"https:\/\/www.sopha-sahara.com\/en\/wp-json\/wp\/v2\/media?parent=21671"}],"wp:term":[{"taxonomy":"product_cat","embeddable":true,"href":"https:\/\/www.sopha-sahara.com\/en\/wp-json\/wp\/v2\/product_cat?post=21671"},{"taxonomy":"product_tag","embeddable":true,"href":"https:\/\/www.sopha-sahara.com\/en\/wp-json\/wp\/v2\/product_tag?post=21671"}],"curies":[{"name":"wp","href":"https:\/\/api.w.org\/{rel}","templated":true}]}}