{"id":21670,"date":"2020-12-11T16:28:32","date_gmt":"2020-12-11T15:28:32","guid":{"rendered":"https:\/\/www.interbusinesschamber.com\/produit\/isis-pharma-geneskin-lift-balm-baume-gel-redensifiant-50-ml\/"},"modified":"2020-12-30T16:38:02","modified_gmt":"2020-12-30T15:38:02","slug":"isis-pharma-geneskin-lift-balm-baume-gel-redensifiant-50-ml","status":"publish","type":"product","link":"https:\/\/www.sopha-sahara.com\/en\/product\/isis-pharma-geneskin-lift-balm-baume-gel-redensifiant-50-ml\/","title":{"rendered":"ISIS PHARMA GENESKIN LIFT BALM BAUME GEL REDENSIFIANT 50 ML"},"content":{"rendered":"<p><strong>utilisation<\/strong><br \/>appliquer geneskin lift \u2013 baume gel redensifiant le soir sur le visage et le cou apr\u00e8s le s\u00e9rum.<\/p>\n<p>test\u00e9 sous contr\u00f4le dermatologique<\/p>","protected":false},"excerpt":{"rendered":"<p>Geneskin lift \u2013 baume gel redensifiant d\u00e9froisse les rides et remod\u00e8le l\u2019ovale du visage en restaurant la densit\u00e9 de la peau. nourrie et hydrat\u00e9e elle para\u00eet plus tonique d\u00e8s le r\u00e9veil.<\/p>\n<p>texture baume-gel fondant adapt\u00e9e aux peaux s\u00e8ches et d\u00e9shydrat\u00e9es en manque de confort.<\/p>\n<p>efficacit\u00e9 cliniquement prouv\u00e9e.<\/p>\n<p>propri\u00e9t\u00e9s des ingr\u00e9dients principaux<\/p>\n<p>[complexe dn-act] : une association d\u2019actifs brevet\u00e9e offrant une triple efficacit\u00e9 pour agir \u00e0 l\u2019origine du vieillissement cutan\u00e9.<\/p>\n<p>hydrofiltrat v\u00e9g\u00e9tal \/ lipopeptide \/ huile d\u2019argan : agents restructurants hydratants nourrissants et lissants<\/p>\n","protected":false},"featured_media":21599,"template":"","meta":{"arc_restricted_post":false},"product_cat":[48,327],"product_tag":[],"_links":{"self":[{"href":"https:\/\/www.sopha-sahara.com\/en\/wp-json\/wp\/v2\/product\/21670"}],"collection":[{"href":"https:\/\/www.sopha-sahara.com\/en\/wp-json\/wp\/v2\/product"}],"about":[{"href":"https:\/\/www.sopha-sahara.com\/en\/wp-json\/wp\/v2\/types\/product"}],"wp:featuredmedia":[{"embeddable":true,"href":"https:\/\/www.sopha-sahara.com\/en\/wp-json\/wp\/v2\/media\/21599"}],"wp:attachment":[{"href":"https:\/\/www.sopha-sahara.com\/en\/wp-json\/wp\/v2\/media?parent=21670"}],"wp:term":[{"taxonomy":"product_cat","embeddable":true,"href":"https:\/\/www.sopha-sahara.com\/en\/wp-json\/wp\/v2\/product_cat?post=21670"},{"taxonomy":"product_tag","embeddable":true,"href":"https:\/\/www.sopha-sahara.com\/en\/wp-json\/wp\/v2\/product_tag?post=21670"}],"curies":[{"name":"wp","href":"https:\/\/api.w.org\/{rel}","templated":true}]}}