{"id":21669,"date":"2020-12-11T16:28:32","date_gmt":"2020-12-11T15:28:32","guid":{"rendered":"https:\/\/www.interbusinesschamber.com\/produit\/isis-pharma-geneskin-c-premium-concentre-eclat-10-ml\/"},"modified":"2020-12-30T16:37:31","modified_gmt":"2020-12-30T15:37:31","slug":"isis-pharma-geneskin-c-premium-concentre-eclat-10-ml","status":"publish","type":"product","link":"https:\/\/www.sopha-sahara.com\/en\/product\/isis-pharma-geneskin-c-premium-concentre-eclat-10-ml\/","title":{"rendered":"ISIS PHARMA GENESKIN C PREMIUM CONCENTR\u00c9 \u00c9CLAT 10 ML"},"content":{"rendered":"<p><strong>utilisation<\/strong><br \/>utiliser geneskin\u00ae c premium \u2013 concentr\u00e9 \u00e9clat occasionnellement pour booster l\u2019\u00e9clat du teint ou en cure pour une efficacit\u00e9 renforc\u00e9e.<br \/>appliquer matin et soir sur le visage et le cou en m\u00e9langeant 3 gouttes de concentr\u00e9 au soin habituel*.<\/p>\n<p>*pour plus d\u2019efficacit\u00e9 il est recommand\u00e9 d\u2019utiliser un soin de la gamme geneskin\u00ae .<\/p>\n<p>ne pas s\u2019exposer au soleil directement apr\u00e8s application du produit. utiliser une protection solaire la journ\u00e9e. \u00e9viter le contour des yeux.<\/p>\n<p>test\u00e9 sous contr\u00f4le dermatologique<\/p>","protected":false},"excerpt":{"rendered":"<p>Geneskin\u00ae c premium \u2013 concentr\u00e9 \u00e9clat offre une protection antioxydante puissante gr\u00e2ce \u00e0 l\u2019action synergique de la vitamine c et de la vitamine e.<br \/>gr\u00e2ce \u00e0 \u00e7a haute concentration il illumine* et unifie le teint instantan\u00e9ment prot\u00e8ge la peau des radicaux libres et pr\u00e9vient le vieillissement cutan\u00e9.<\/p>\n<p>*efficacit\u00e9 cliniquement prouv\u00e9e : am\u00e9liore durablement l\u2019\u00e9clat et la luminosit\u00e9 du teint.<\/p>\n<p>propri\u00e9t\u00e9s des ingr\u00e9dients principaux<\/p>\n<p>[complexe dn-act] : une association d\u2019actifs brevet\u00e9e offrant une triple efficacit\u00e9 pour agir \u00e0 l\u2019origine du vieillissement cutan\u00e9.<\/p>\n<p>20% vitamine c \/ vitamine e : agents antioxydants illuminants r\u00e9parateurs<\/p>\n","protected":false},"featured_media":21598,"template":"","meta":{"arc_restricted_post":false},"product_cat":[48,327],"product_tag":[],"_links":{"self":[{"href":"https:\/\/www.sopha-sahara.com\/en\/wp-json\/wp\/v2\/product\/21669"}],"collection":[{"href":"https:\/\/www.sopha-sahara.com\/en\/wp-json\/wp\/v2\/product"}],"about":[{"href":"https:\/\/www.sopha-sahara.com\/en\/wp-json\/wp\/v2\/types\/product"}],"wp:featuredmedia":[{"embeddable":true,"href":"https:\/\/www.sopha-sahara.com\/en\/wp-json\/wp\/v2\/media\/21598"}],"wp:attachment":[{"href":"https:\/\/www.sopha-sahara.com\/en\/wp-json\/wp\/v2\/media?parent=21669"}],"wp:term":[{"taxonomy":"product_cat","embeddable":true,"href":"https:\/\/www.sopha-sahara.com\/en\/wp-json\/wp\/v2\/product_cat?post=21669"},{"taxonomy":"product_tag","embeddable":true,"href":"https:\/\/www.sopha-sahara.com\/en\/wp-json\/wp\/v2\/product_tag?post=21669"}],"curies":[{"name":"wp","href":"https:\/\/api.w.org\/{rel}","templated":true}]}}