{"id":21668,"date":"2020-12-11T16:28:32","date_gmt":"2020-12-11T15:28:32","guid":{"rendered":"https:\/\/www.interbusinesschamber.com\/produit\/isis-pharma-urelia-gel-gel-nettoyant-exfoliant-200-ml\/"},"modified":"2020-12-30T17:14:13","modified_gmt":"2020-12-30T16:14:13","slug":"isis-pharma-urelia-gel-gel-nettoyant-exfoliant-200-ml","status":"publish","type":"product","link":"https:\/\/www.sopha-sahara.com\/en\/product\/isis-pharma-urelia-gel-gel-nettoyant-exfoliant-200-ml\/","title":{"rendered":"ISIS PHARMA URELIA GEL GEL NETTOYANT EXFOLIANT 200 ML"},"content":{"rendered":"<p><strong>propri\u00e9t\u00e9s des ingr\u00e9dients principaux<\/strong><\/p>\n<p>\u2022 ur\u00e9e (10%) : \u00e9limine les squames et r\u00e9gule la division cellulaire \/ hydrate \/ apaise \/ favorise la p\u00e9n\u00e9tration des ingr\u00e9dients<\/p>\n<p>\u2022 complexe brevet\u00e9 d\u2019acides amin\u00e9s : pr\u00e9vient et r\u00e9pare les dommages cutan\u00e9s \/ restaure la fonction barri\u00e8re naturelle de la peau<\/p>\n<p>\u2022 a.h.a : k\u00e9rator\u00e9gulateur<\/p>\n<p><strong>utilisation<\/strong><br \/>sur le visage et le corps : appliquer 1 \u00e0 2 fois par jour sur peau humide et faire mousser l\u00e9g\u00e8rement. rincer abondamment.<br \/>sur le cuir chevelu : appliquer 2 \u00e0 3 fois par semaine sur la chevelure pr\u00e9alablement mouill\u00e9e. laisser agir 3 minutes puis rincer abondamment.<\/p>\n<p>eviter le contact avec les yeux. usage externe.<\/p>\n<p>0% ph\u00e9noxy\u00e9thanol \u2022 sans parfum \u2022 hypoallerg\u00e9nique<\/p>","protected":false},"excerpt":{"rendered":"<p>urelia\u00ae gel est sp\u00e9cialement adapt\u00e9 pour les peaux tr\u00e8s s\u00e8ches \u00e0 tendance squameuse ou hyperk\u00e9ratosique. il nettoie en douceur et favorise l\u2019\u00e9limination des squames jusqu\u2019\u00e0 4 heures. il soulage les sensations d\u2019inconfort et laisse la peau hydrat\u00e9e. formule sans savon tr\u00e8s haute tol\u00e9rance.<\/p>","protected":false},"featured_media":21627,"template":"","meta":{"arc_restricted_post":false},"product_cat":[48,327],"product_tag":[],"_links":{"self":[{"href":"https:\/\/www.sopha-sahara.com\/en\/wp-json\/wp\/v2\/product\/21668"}],"collection":[{"href":"https:\/\/www.sopha-sahara.com\/en\/wp-json\/wp\/v2\/product"}],"about":[{"href":"https:\/\/www.sopha-sahara.com\/en\/wp-json\/wp\/v2\/types\/product"}],"wp:featuredmedia":[{"embeddable":true,"href":"https:\/\/www.sopha-sahara.com\/en\/wp-json\/wp\/v2\/media\/21627"}],"wp:attachment":[{"href":"https:\/\/www.sopha-sahara.com\/en\/wp-json\/wp\/v2\/media?parent=21668"}],"wp:term":[{"taxonomy":"product_cat","embeddable":true,"href":"https:\/\/www.sopha-sahara.com\/en\/wp-json\/wp\/v2\/product_cat?post=21668"},{"taxonomy":"product_tag","embeddable":true,"href":"https:\/\/www.sopha-sahara.com\/en\/wp-json\/wp\/v2\/product_tag?post=21668"}],"curies":[{"name":"wp","href":"https:\/\/api.w.org\/{rel}","templated":true}]}}