{"id":21667,"date":"2020-12-11T16:28:32","date_gmt":"2020-12-11T15:28:32","guid":{"rendered":"https:\/\/www.interbusinesschamber.com\/produit\/isis-pharma-secalia-ultra-lait-emollient-intense-200-ml\/"},"modified":"2020-12-30T17:00:39","modified_gmt":"2020-12-30T16:00:39","slug":"isis-pharma-secalia-ultra-lait-emollient-intense-200-ml","status":"publish","type":"product","link":"https:\/\/www.sopha-sahara.com\/en\/product\/isis-pharma-secalia-ultra-lait-emollient-intense-200-ml\/","title":{"rendered":"ISIS PHARMA SECALIA ULTRA LAIT \u00c9MOLLIENT INTENSE 200 ML"},"content":{"rendered":"","protected":false},"excerpt":{"rendered":"<p>secalia\u00ae ultra hydrate intens\u00e9ment et jusqu\u2019\u00e0 24 heures les peaux tr\u00e8s s\u00e8ches et \u00e0 tendance atopique. riche en agents \u00e9mollients il r\u00e9pare et soulage durablement l\u2019\u00e9piderme. gr\u00e2ce \u00e0 son effet barri\u00e8re la peau est prot\u00e9g\u00e9e des agressions ext\u00e9rieures elle retrouve confort et souplesse. sa texture fra\u00eeche et fluide ne colle pas et p\u00e9n\u00e8tre rapidement. formule tr\u00e8s haute tol\u00e9rance.<\/p>\n<p>propri\u00e9t\u00e9s des ingr\u00e9dients principaux<\/p>\n<p>\u2022 glyc\u00e9rine (15%): hydrate renforce le film hydrolipidique de la peau ainsi que la barri\u00e8re cutan\u00e9e<\/p>\n<p>\u2022 vaseline : pi\u00e8ge l\u2019eau dans le stratum corneum et prot\u00e8ge la peau contre les irritations<\/p>\n<p>\u2022 beurre de karit\u00e9 : am\u00e9liore l\u2019\u00e9lasticit\u00e9 la douceur et la souplesse des peaux s\u00e8ches apaise et nourrit<\/p>\n<p>\u2022 huile d\u2019inca inchi : hydrate restaure la fonction barri\u00e8re de la peau et poss\u00e8de des propri\u00e9t\u00e9s antioxydantes<\/p>\n<p>utilisation<br \/>appliquer secalia\u00ae ultra 1 \u00e0 2 fois par jour sur les zones concern\u00e9es sur une peau propre et s\u00e8che. effectuer des mouvements circulaires jusqu\u2019\u00e0 p\u00e9n\u00e9tration compl\u00e8te du produit. eviter le contact avec les yeux. usage externe.<\/p>\n<p>sans parfum \u2022 hypoallerg\u00e9nique<\/p>\n<p>test\u00e9 sous contr\u00f4le dermatologique<\/p>\n<p>produits compl\u00e9mentaires<\/p>","protected":false},"featured_media":21615,"template":"","meta":{"arc_restricted_post":false},"product_cat":[48,327],"product_tag":[],"_links":{"self":[{"href":"https:\/\/www.sopha-sahara.com\/en\/wp-json\/wp\/v2\/product\/21667"}],"collection":[{"href":"https:\/\/www.sopha-sahara.com\/en\/wp-json\/wp\/v2\/product"}],"about":[{"href":"https:\/\/www.sopha-sahara.com\/en\/wp-json\/wp\/v2\/types\/product"}],"wp:featuredmedia":[{"embeddable":true,"href":"https:\/\/www.sopha-sahara.com\/en\/wp-json\/wp\/v2\/media\/21615"}],"wp:attachment":[{"href":"https:\/\/www.sopha-sahara.com\/en\/wp-json\/wp\/v2\/media?parent=21667"}],"wp:term":[{"taxonomy":"product_cat","embeddable":true,"href":"https:\/\/www.sopha-sahara.com\/en\/wp-json\/wp\/v2\/product_cat?post=21667"},{"taxonomy":"product_tag","embeddable":true,"href":"https:\/\/www.sopha-sahara.com\/en\/wp-json\/wp\/v2\/product_tag?post=21667"}],"curies":[{"name":"wp","href":"https:\/\/api.w.org\/{rel}","templated":true}]}}