{"id":21666,"date":"2020-12-11T16:28:32","date_gmt":"2020-12-11T15:28:32","guid":{"rendered":"https:\/\/www.interbusinesschamber.com\/produit\/isis-pharma-keloplast-scars-spf-50-creme-reparatrice-peaux-irritees-et-abimees-40-ml\/"},"modified":"2020-12-30T16:41:27","modified_gmt":"2020-12-30T15:41:27","slug":"isis-pharma-keloplast-scars-spf-50-creme-reparatrice-peaux-irritees-et-abimees-40-ml","status":"publish","type":"product","link":"https:\/\/www.sopha-sahara.com\/en\/product\/isis-pharma-keloplast-scars-spf-50-creme-reparatrice-peaux-irritees-et-abimees-40-ml\/","title":{"rendered":"ISIS PHARMA KELOPLAST SCARS SPF 50+ CR\u00c8ME R\u00c9PARATRICE PEAUX IRRIT\u00c9ES ET AB\u00ceM\u00c9ES 40 ML"},"content":{"rendered":"<p><strong>utilisation<\/strong><\/p>\n<p>appliquer 2 fois par jour pendant 1 mois en couche \u00e9paisse sur les zones concern\u00e9es non suintantes pr\u00e9alablement nettoy\u00e9es et s\u00e9ch\u00e9es ou comme indiqu\u00e9 par votre dermatologue ou professionnel de sant\u00e9. visage et corps. \u00e9viter le contact avec les yeux. en cas de contact rincer abondamment \u00e0 l\u2019eau claire. usage externe.<\/p>\n<p>sans parfum<\/p>\n<p>test\u00e9 sous contr\u00f4le dermatologique<\/p>","protected":false},"excerpt":{"rendered":"<p>keloplast scars spf 50+ favorise la r\u00e9g\u00e9n\u00e9ration \u00e9pidermique par l\u2019association d\u2019actifs hydratants restructurants et reparateurs. texture effet pansement unique pour prot\u00e9ger la peau des agressions ext\u00e9rieures. tr\u00e8s haute protection uvb\/uva 100% min\u00e9rale pour pr\u00e9venir les marques cicatricielles d\u2019hyperpigmentation. la peau est prot\u00e9g\u00e9e apais\u00e9e et r\u00e9par\u00e9e. texture non collante et non grasse.<\/p>\n<p>efficacit\u00e9 cliniquement prouv\u00e9e<\/p>\n<p>propri\u00e9t\u00e9s des principaux actifs<\/p>\n<p>\u2022 polysaccharide filmog\u00e8ne : effet pansement \/ protection contre la pollution<\/p>\n<p>\u2022 100% filtres min\u00e9raux : tr\u00e8s haute protection uvb\/uva spf 50+ \/ pr\u00e9viennent l\u2019apparition des marques cicatricielles (pih)<\/p>\n<p>\u2022 extrait de chardon de coton \/ beurre de cacao \/ glycerine : restructurent hydratent et r\u00e9parent<\/p>","protected":false},"featured_media":21604,"template":"","meta":{"arc_restricted_post":false},"product_cat":[48,327],"product_tag":[],"_links":{"self":[{"href":"https:\/\/www.sopha-sahara.com\/en\/wp-json\/wp\/v2\/product\/21666"}],"collection":[{"href":"https:\/\/www.sopha-sahara.com\/en\/wp-json\/wp\/v2\/product"}],"about":[{"href":"https:\/\/www.sopha-sahara.com\/en\/wp-json\/wp\/v2\/types\/product"}],"wp:featuredmedia":[{"embeddable":true,"href":"https:\/\/www.sopha-sahara.com\/en\/wp-json\/wp\/v2\/media\/21604"}],"wp:attachment":[{"href":"https:\/\/www.sopha-sahara.com\/en\/wp-json\/wp\/v2\/media?parent=21666"}],"wp:term":[{"taxonomy":"product_cat","embeddable":true,"href":"https:\/\/www.sopha-sahara.com\/en\/wp-json\/wp\/v2\/product_cat?post=21666"},{"taxonomy":"product_tag","embeddable":true,"href":"https:\/\/www.sopha-sahara.com\/en\/wp-json\/wp\/v2\/product_tag?post=21666"}],"curies":[{"name":"wp","href":"https:\/\/api.w.org\/{rel}","templated":true}]}}