{"id":21664,"date":"2020-12-11T16:28:32","date_gmt":"2020-12-11T15:28:32","guid":{"rendered":"https:\/\/www.interbusinesschamber.com\/produit\/isis-pharma-ruboril-expert-intense-soin-concentre-rougeurs-localisees-15-ml\/"},"modified":"2020-12-30T16:54:46","modified_gmt":"2020-12-30T15:54:46","slug":"isis-pharma-ruboril-expert-intense-soin-concentre-rougeurs-localisees-15-ml","status":"publish","type":"product","link":"https:\/\/www.sopha-sahara.com\/en\/product\/isis-pharma-ruboril-expert-intense-soin-concentre-rougeurs-localisees-15-ml\/","title":{"rendered":"ISIS PHARMA RUBORIL EXPERT INTENSE SOIN CONCENTR\u00c9 &#8211; ROUGEURS LOCALIS\u00c9ES 15 ML"},"content":{"rendered":"<p><strong>UTILISATION<\/strong><br \/>APPLIQUER RUBORIL\u00ae EXPERT INTENSE MATIN ET SOIR SUR LES ZONES CONCERN\u00c9ES SUR UNE PEAU PROPRE. POUR UNE EFFICACIT\u00c9 OPTIMALE UTILISER ENSUITE LES SOINS HYDRATANTS ANTI-ROUGEURS RUBORIL\u00ae EXPERT M OU S SUR L\u2019ENSEMBLE DU VISAGE.<\/p>\n<p>0% PH\u00c9NOXY\u00c9THANOL \u2022 SANS PARFUM \u2022 HYPOALLERG\u00c9NIQUE<\/p>\n<p>TEST\u00c9 SOUS CONTR\u00d4LE DERMATOLOGIQUE<\/p>","protected":false},"excerpt":{"rendered":"<p>ruboril\u00ae expert intense a \u00e9t\u00e9 sp\u00e9cialement d\u00e9velopp\u00e9 pour les peaux \u00e9rythro-couperosiques. soin concentr\u00e9 pour une action anti-rougeurs cibl\u00e9e il r\u00e9duit efficacement l\u2019intensit\u00e9 des rougeurs localis\u00e9es et att\u00e9nue les petits vaisseaux apparents*. le teint est visiblement unifi\u00e9*. apaise hydrate et prot\u00e8ge la peau des agressions ext\u00e9rieures. texture gel-cr\u00e8me qui procure une sensation de fra\u00eecheur et de confort imm\u00e9diat.<\/p>\n<p>*efficacit\u00e9 cliniquement prouv\u00e9e d\u00e8s 28 jours.<\/p>\n<p>propri\u00e9t\u00e9s des ingr\u00e9dients principaux<\/p>\n<p>\u2022 [complexe \u00df-calm\u00ae] : association d\u2019actifs anti-rougeurs apaisants r\u00e9parateurs fortifiants et hydratants<\/p>\n<p>\u2022 D\u00c9RIV\u00c9 BIOTECHNOLOGIQUE D\u2019ACIDES DE PLANTES : ANTI-ROUGEURS (ACTION \u00c0 L\u2019ORIGINE DE LA FORMATION DES PETITS VAISSEAUX APPARENTS) ET APAISANT<\/p>\n","protected":false},"featured_media":21607,"template":"","meta":{"arc_restricted_post":false},"product_cat":[48,327],"product_tag":[],"_links":{"self":[{"href":"https:\/\/www.sopha-sahara.com\/en\/wp-json\/wp\/v2\/product\/21664"}],"collection":[{"href":"https:\/\/www.sopha-sahara.com\/en\/wp-json\/wp\/v2\/product"}],"about":[{"href":"https:\/\/www.sopha-sahara.com\/en\/wp-json\/wp\/v2\/types\/product"}],"wp:featuredmedia":[{"embeddable":true,"href":"https:\/\/www.sopha-sahara.com\/en\/wp-json\/wp\/v2\/media\/21607"}],"wp:attachment":[{"href":"https:\/\/www.sopha-sahara.com\/en\/wp-json\/wp\/v2\/media?parent=21664"}],"wp:term":[{"taxonomy":"product_cat","embeddable":true,"href":"https:\/\/www.sopha-sahara.com\/en\/wp-json\/wp\/v2\/product_cat?post=21664"},{"taxonomy":"product_tag","embeddable":true,"href":"https:\/\/www.sopha-sahara.com\/en\/wp-json\/wp\/v2\/product_tag?post=21664"}],"curies":[{"name":"wp","href":"https:\/\/api.w.org\/{rel}","templated":true}]}}