{"id":21663,"date":"2020-12-11T16:28:31","date_gmt":"2020-12-11T15:28:31","guid":{"rendered":"https:\/\/www.interbusinesschamber.com\/produit\/isis-pharma-ruboril-expert-m-gel-creme-anti-rougeurs-40-ml\/"},"modified":"2020-12-30T16:55:15","modified_gmt":"2020-12-30T15:55:15","slug":"isis-pharma-ruboril-expert-m-gel-creme-anti-rougeurs-40-ml","status":"publish","type":"product","link":"https:\/\/www.sopha-sahara.com\/en\/product\/isis-pharma-ruboril-expert-m-gel-creme-anti-rougeurs-40-ml\/","title":{"rendered":"ISIS PHARMA RUBORIL EXPERT M GEL-CR\u00c8ME ANTI-ROUGEURS 40 ML"},"content":{"rendered":"<p><strong>UTILISATION<\/strong><br \/>APPLIQUER RUBORIL\u00ae EXPERT M MATIN ET SOIR SUR LE VISAGE ET LE COU SUR UNE PEAU PROPRE.<\/p>\n<p>0% PH\u00c9NOXY\u00c9THANOL \u2022 SANS PARFUM \u2022 HYPOALLERG\u00c9NIQUE<\/p>\n<p>TEST\u00c9 SOUS CONTR\u00d4LE DERMATOLOGIQUE<\/p>","protected":false},"excerpt":{"rendered":"<p>ruboril\u00ae expert m a \u00e9t\u00e9 sp\u00e9cialement d\u00e9velopp\u00e9 pour les peaux sensibles \u00e0 tendance couperosique. il r\u00e9duit efficacement l\u2019intensit\u00e9 des rougeurs et att\u00e9nue les petits vaisseaux apparents*. le teint est visiblement unifi\u00e9*. apaise hydrate et prot\u00e8ge la peau des agressions ext\u00e9rieures. texture gel-cr\u00e8me fra\u00eeche et l\u00e9g\u00e8re parfaitement adapt\u00e9e aux peaux normales \u00e0 mixtes.<\/p>\n<p>*efficacit\u00e9 cliniquement prouv\u00e9e d\u00e8s 28 jours.<\/p>\n<p>propri\u00e9t\u00e9s des ingr\u00e9dients principaux<\/p>\n<p>\u2022 [complexe \u00df-calm\u00ae] : association d\u2019actifs anti-rougeurs apaisants r\u00e9parateurs fortifiants et hydratants<\/p>\n<p>\u2022 PHOSPHOLIPIDES \/ CIRES DE JOJOBA MIMOSA ET TOURNESOL \/ HUILE DE CAMELINE : AGENTS HYDRATANTS ET \u00c9MOLLIENTS<\/p>\n","protected":false},"featured_media":21608,"template":"","meta":{"arc_restricted_post":false},"product_cat":[48,327],"product_tag":[],"_links":{"self":[{"href":"https:\/\/www.sopha-sahara.com\/en\/wp-json\/wp\/v2\/product\/21663"}],"collection":[{"href":"https:\/\/www.sopha-sahara.com\/en\/wp-json\/wp\/v2\/product"}],"about":[{"href":"https:\/\/www.sopha-sahara.com\/en\/wp-json\/wp\/v2\/types\/product"}],"wp:featuredmedia":[{"embeddable":true,"href":"https:\/\/www.sopha-sahara.com\/en\/wp-json\/wp\/v2\/media\/21608"}],"wp:attachment":[{"href":"https:\/\/www.sopha-sahara.com\/en\/wp-json\/wp\/v2\/media?parent=21663"}],"wp:term":[{"taxonomy":"product_cat","embeddable":true,"href":"https:\/\/www.sopha-sahara.com\/en\/wp-json\/wp\/v2\/product_cat?post=21663"},{"taxonomy":"product_tag","embeddable":true,"href":"https:\/\/www.sopha-sahara.com\/en\/wp-json\/wp\/v2\/product_tag?post=21663"}],"curies":[{"name":"wp","href":"https:\/\/api.w.org\/{rel}","templated":true}]}}