{"id":21662,"date":"2020-12-11T16:28:31","date_gmt":"2020-12-11T15:28:31","guid":{"rendered":"https:\/\/www.interbusinesschamber.com\/produit\/isis-pharma-aqua-ruboril-solution-micellaire-demaquillante-100ml\/"},"modified":"2020-12-30T16:33:20","modified_gmt":"2020-12-30T15:33:20","slug":"isis-pharma-aqua-ruboril-solution-micellaire-demaquillante-100ml","status":"publish","type":"product","link":"https:\/\/www.sopha-sahara.com\/en\/product\/isis-pharma-aqua-ruboril-solution-micellaire-demaquillante-100ml\/","title":{"rendered":"ISIS PHARMA AQUA RUBORIL SOLUTION MICELLAIRE D\u00c9MAQUILLANTE 100ML"},"content":{"rendered":"","protected":false},"excerpt":{"rendered":"<p>Aquaruboril\u00ae a \u00e9t\u00e9 sp\u00e9cialement d\u00e9velopp\u00e9 pour les peaux sensibles et r\u00e9actives. enrichi en actifs apaisants il nettoie et d\u00e9maquille en douceur visage &amp; yeux tout en participant au maintien de l\u2019\u00e9quilibre naturel de la peau. excellente tol\u00e9rance cutan\u00e9e et oculaire.<br \/>utilisation<\/p>\n<p>appliquer aquaruboril\u00ae matin et soir \u00e0 l\u2019aide d\u2019un coton sur le visage et les yeux. sans rin\u00e7age.<br \/>composition<\/p>\n<p>extrait de ficaire fausse-renoncule : apaise adoucit et poss\u00e8de des propri\u00e9t\u00e9s anti-rougeurs<br \/>distillat de camomille romaine: apaise et adoucit<\/p>","protected":false},"featured_media":21594,"template":"","meta":{"arc_restricted_post":false},"product_cat":[48,327],"product_tag":[],"_links":{"self":[{"href":"https:\/\/www.sopha-sahara.com\/en\/wp-json\/wp\/v2\/product\/21662"}],"collection":[{"href":"https:\/\/www.sopha-sahara.com\/en\/wp-json\/wp\/v2\/product"}],"about":[{"href":"https:\/\/www.sopha-sahara.com\/en\/wp-json\/wp\/v2\/types\/product"}],"wp:featuredmedia":[{"embeddable":true,"href":"https:\/\/www.sopha-sahara.com\/en\/wp-json\/wp\/v2\/media\/21594"}],"wp:attachment":[{"href":"https:\/\/www.sopha-sahara.com\/en\/wp-json\/wp\/v2\/media?parent=21662"}],"wp:term":[{"taxonomy":"product_cat","embeddable":true,"href":"https:\/\/www.sopha-sahara.com\/en\/wp-json\/wp\/v2\/product_cat?post=21662"},{"taxonomy":"product_tag","embeddable":true,"href":"https:\/\/www.sopha-sahara.com\/en\/wp-json\/wp\/v2\/product_tag?post=21662"}],"curies":[{"name":"wp","href":"https:\/\/api.w.org\/{rel}","templated":true}]}}