{"id":21661,"date":"2020-12-11T16:28:31","date_gmt":"2020-12-11T15:28:31","guid":{"rendered":"https:\/\/www.interbusinesschamber.com\/produit\/isis-pharma-teen-derm-aqua-solution-micellaire-purifiante\/"},"modified":"2020-12-30T17:06:23","modified_gmt":"2020-12-30T16:06:23","slug":"isis-pharma-teen-derm-aqua-solution-micellaire-purifiante","status":"publish","type":"product","link":"https:\/\/www.sopha-sahara.com\/en\/product\/isis-pharma-teen-derm-aqua-solution-micellaire-purifiante\/","title":{"rendered":"ISIS PHARMA TEEN DERM AQUA SOLUTION MICELLAIRE PURIFIANTE"},"content":{"rendered":"<p><strong>utilisation<\/strong><br \/>appliquer matin et soir \u00e0 l\u2019aide d\u2019un coton sur l\u2019ensemble du visage et du cou ou comme indiqu\u00e9 par votre dermatologue ou professionnel de sant\u00e9. sans rin\u00e7age.<\/p>\n<p>0% ph\u00e9noxy\u00e9thanol \u2022 sans savon \u2022 ph physiologique \u2022 non com\u00e9dog\u00e8ne \u2022 hypoallerg\u00e9nique<\/p>\n<p>test\u00e9 sous contr\u00f4le dermatologique<\/p>","protected":false},"excerpt":{"rendered":"<p>teen derm aqua a \u00e9t\u00e9 sp\u00e9cialement d\u00e9velopp\u00e9 pour les peaux sensibles \u00e0 imperfections. enrichi en actifs s\u00e9bor\u00e9gulateurs et astringents il nettoie et d\u00e9maquille en douceur tout en \u00e9liminant impuret\u00e9s et exc\u00e8s de s\u00e9bum*. la peau est nette fra\u00eeche et apais\u00e9e*.<\/p>\n<p>*auto-\u00e9valuation r\u00e9alis\u00e9e sur 21 volontaires<\/p>\n<p>propri\u00e9t\u00e9s des principaux actifs<\/p>\n<p>\u2022 zinc+l-pca et butyl avocadate : sebor\u00e9gulateurs<\/p>\n<p>\u2022 zinc+l-pca et cuivre+l-pca : assainissants<\/p>\n<p>\u2022 extrait de boswellia et glucose+xylitol naturel : apaisant et hydratant<\/p>","protected":false},"featured_media":21618,"template":"","meta":{"arc_restricted_post":false},"product_cat":[48,327],"product_tag":[],"_links":{"self":[{"href":"https:\/\/www.sopha-sahara.com\/en\/wp-json\/wp\/v2\/product\/21661"}],"collection":[{"href":"https:\/\/www.sopha-sahara.com\/en\/wp-json\/wp\/v2\/product"}],"about":[{"href":"https:\/\/www.sopha-sahara.com\/en\/wp-json\/wp\/v2\/types\/product"}],"wp:featuredmedia":[{"embeddable":true,"href":"https:\/\/www.sopha-sahara.com\/en\/wp-json\/wp\/v2\/media\/21618"}],"wp:attachment":[{"href":"https:\/\/www.sopha-sahara.com\/en\/wp-json\/wp\/v2\/media?parent=21661"}],"wp:term":[{"taxonomy":"product_cat","embeddable":true,"href":"https:\/\/www.sopha-sahara.com\/en\/wp-json\/wp\/v2\/product_cat?post=21661"},{"taxonomy":"product_tag","embeddable":true,"href":"https:\/\/www.sopha-sahara.com\/en\/wp-json\/wp\/v2\/product_tag?post=21661"}],"curies":[{"name":"wp","href":"https:\/\/api.w.org\/{rel}","templated":true}]}}