{"id":21660,"date":"2020-12-11T16:28:31","date_gmt":"2020-12-11T15:28:31","guid":{"rendered":"https:\/\/www.interbusinesschamber.com\/produit\/isis-pharma-uveblock-50-hydra-lotion-lait-solaire-hydratant-tres-haute-protection\/"},"modified":"2020-12-30T17:15:48","modified_gmt":"2020-12-30T16:15:48","slug":"isis-pharma-uveblock-50-hydra-lotion-lait-solaire-hydratant-tres-haute-protection","status":"publish","type":"product","link":"https:\/\/www.sopha-sahara.com\/en\/product\/isis-pharma-uveblock-50-hydra-lotion-lait-solaire-hydratant-tres-haute-protection\/","title":{"rendered":"ISIS PHARMA UVEBLOCK 50+ HYDRA LOTION LAIT SOLAIRE HYDRATANT TR\u00c8S HAUTE PROTECTION"},"content":{"rendered":"<p><strong>utilisation<\/strong><br \/>appliquer uveblock\u00ae 50+ hydra lotion uniform\u00e9ment et en quantit\u00e9 suffisante sur le visage et le corps 15 minutes avant l\u2019exposition. renouveler fr\u00e9quemment surtout apr\u00e8s chaque bain activit\u00e9s sportives et frottements. \u00e9viter le contact avec les yeux.<\/p>\n<p>0% ph\u00e9noxy\u00e9thanol \u2022 sans parfum \u2022 hypoallerg\u00e9nique \u2022 r\u00e9sistant \u00e0 l\u2019eau<\/p>\n<p>test\u00e9 sous contr\u00f4le dermatologique<\/p>","protected":false},"excerpt":{"rendered":"<p>uveblock\u00ae 50+ hydra lotion offre une protection spf 50+ uvb\/uva optimale et maintient l\u2019hydratation de la peau durant l\u2019exposition au soleil. la texture fluide et onctueuse p\u00e9n\u00e8tre rapidement. ne laisse aucune trace blanche apr\u00e8s application.<\/p>","protected":false},"featured_media":21629,"template":"","meta":{"arc_restricted_post":false},"product_cat":[48,327],"product_tag":[],"_links":{"self":[{"href":"https:\/\/www.sopha-sahara.com\/en\/wp-json\/wp\/v2\/product\/21660"}],"collection":[{"href":"https:\/\/www.sopha-sahara.com\/en\/wp-json\/wp\/v2\/product"}],"about":[{"href":"https:\/\/www.sopha-sahara.com\/en\/wp-json\/wp\/v2\/types\/product"}],"wp:featuredmedia":[{"embeddable":true,"href":"https:\/\/www.sopha-sahara.com\/en\/wp-json\/wp\/v2\/media\/21629"}],"wp:attachment":[{"href":"https:\/\/www.sopha-sahara.com\/en\/wp-json\/wp\/v2\/media?parent=21660"}],"wp:term":[{"taxonomy":"product_cat","embeddable":true,"href":"https:\/\/www.sopha-sahara.com\/en\/wp-json\/wp\/v2\/product_cat?post=21660"},{"taxonomy":"product_tag","embeddable":true,"href":"https:\/\/www.sopha-sahara.com\/en\/wp-json\/wp\/v2\/product_tag?post=21660"}],"curies":[{"name":"wp","href":"https:\/\/api.w.org\/{rel}","templated":true}]}}