{"id":21659,"date":"2020-12-11T16:28:31","date_gmt":"2020-12-11T15:28:31","guid":{"rendered":"https:\/\/www.interbusinesschamber.com\/produit\/isis-pharma-uveblock-50-kids-spray-solaire-spf-50-pour-enfants-150-ml\/"},"modified":"2020-12-30T17:16:15","modified_gmt":"2020-12-30T16:16:15","slug":"isis-pharma-uveblock-50-kids-spray-solaire-spf-50-pour-enfants-150-ml","status":"publish","type":"product","link":"https:\/\/www.sopha-sahara.com\/en\/product\/isis-pharma-uveblock-50-kids-spray-solaire-spf-50-pour-enfants-150-ml\/","title":{"rendered":"ISIS PHARMA UVEBLOCK 50+ KIDS SPRAY SOLAIRE SPF 50+ POUR ENFANTS 150 ML"},"content":{"rendered":"<p><strong>utilisation<\/strong><br \/>appliquer uveblock\u00ae 50+ kids uniform\u00e9ment et en quantit\u00e9 suffisante sur le visage et le corps 15 minutes avant l\u2019exposition. renouveler fr\u00e9quemment surtout apr\u00e8s chaque bain activit\u00e9s sportives et frottements. ne pas vaporiser vers les yeux.<\/p>\n<p>0% ph\u00e9noxy\u00e9thanol \u2022 sans parfum \u2022 hypoallerg\u00e9nique \u2022 photostable uva \u2022 r\u00e9sistant \u00e0 l\u2019eau\u00a0<\/p>\n<p>test\u00e9 sous contr\u00f4le dermatologique<\/p>","protected":false},"excerpt":{"rendered":"<p>uveblock\u00ae 50+ kids a \u00e9t\u00e9 sp\u00e9cialement d\u00e9velopp\u00e9 pour la peau sensible des enfants. cette formule haute tol\u00e9rance offre une protection spf 50+ optimale contre les uvb et uva et laisse la peau hydrat\u00e9e. invisible apr\u00e8s application. texture fluide qui p\u00e9n\u00e8tre rapidement.<\/p>","protected":false},"featured_media":21630,"template":"","meta":{"arc_restricted_post":false},"product_cat":[48,327],"product_tag":[],"_links":{"self":[{"href":"https:\/\/www.sopha-sahara.com\/en\/wp-json\/wp\/v2\/product\/21659"}],"collection":[{"href":"https:\/\/www.sopha-sahara.com\/en\/wp-json\/wp\/v2\/product"}],"about":[{"href":"https:\/\/www.sopha-sahara.com\/en\/wp-json\/wp\/v2\/types\/product"}],"wp:featuredmedia":[{"embeddable":true,"href":"https:\/\/www.sopha-sahara.com\/en\/wp-json\/wp\/v2\/media\/21630"}],"wp:attachment":[{"href":"https:\/\/www.sopha-sahara.com\/en\/wp-json\/wp\/v2\/media?parent=21659"}],"wp:term":[{"taxonomy":"product_cat","embeddable":true,"href":"https:\/\/www.sopha-sahara.com\/en\/wp-json\/wp\/v2\/product_cat?post=21659"},{"taxonomy":"product_tag","embeddable":true,"href":"https:\/\/www.sopha-sahara.com\/en\/wp-json\/wp\/v2\/product_tag?post=21659"}],"curies":[{"name":"wp","href":"https:\/\/api.w.org\/{rel}","templated":true}]}}