{"id":21658,"date":"2020-12-11T16:28:30","date_gmt":"2020-12-11T15:28:30","guid":{"rendered":"https:\/\/www.interbusinesschamber.com\/produit\/isis-pharma-uveblock-50-compact-teinte-doree\/"},"modified":"2020-12-30T17:14:47","modified_gmt":"2020-12-30T16:14:47","slug":"isis-pharma-uveblock-50-compact-teinte-doree","status":"publish","type":"product","link":"https:\/\/www.sopha-sahara.com\/en\/product\/isis-pharma-uveblock-50-compact-teinte-doree\/","title":{"rendered":"ISIS PHARMA UVEBLOCK 50+ COMPACT TEINTE DOR\u00c9E"},"content":{"rendered":"<p><strong>propri\u00e9t\u00e9s des ingr\u00e9dients principaux<\/strong><\/p>\n<p>\u2022 dioxyde de titane : filtre solaire min\u00e9ral<\/p>\n<p>\u2022 oxyde de zinc : filtre solaire min\u00e9ral<\/p>\n<p><strong>utilisation<\/strong><br \/>a l\u2019aide de l\u2019\u00e9ponge appliquer uveblock\u00ae 50+ tinted compact uniform\u00e9ment et en quantit\u00e9 suffisante sur le visage et le cou 15 minutes avant l\u2019exposition. renouveler fr\u00e9quemment surtout apr\u00e8s chaque bain activit\u00e9s sportives et frottements. \u00e9viter le contact avec les yeux.<\/p>\n<p>sans conservateur \u2022 sans parfum \u2022 hypoallerg\u00e9nique \u2022 non com\u00e9dog\u00e8ne<\/p>\n<p>test\u00e9 sous contr\u00f4le dermatologique<\/p>","protected":false},"excerpt":{"rendered":"<p>uveblock\u00ae 50+ tinted compact s\u2019adresse plus particuli\u00e8rement aux peaux intol\u00e9rantes aux filtres chimiques et aux parfums. protection spf 50+ uvb\/uva optimale. texture fondante facile \u00e0 appliquer. unifie et matifie le teint. corrige les imperfections. 100% filtres min\u00e9raux.<\/p>","protected":false},"featured_media":21628,"template":"","meta":{"arc_restricted_post":false},"product_cat":[48,327],"product_tag":[],"_links":{"self":[{"href":"https:\/\/www.sopha-sahara.com\/en\/wp-json\/wp\/v2\/product\/21658"}],"collection":[{"href":"https:\/\/www.sopha-sahara.com\/en\/wp-json\/wp\/v2\/product"}],"about":[{"href":"https:\/\/www.sopha-sahara.com\/en\/wp-json\/wp\/v2\/types\/product"}],"wp:featuredmedia":[{"embeddable":true,"href":"https:\/\/www.sopha-sahara.com\/en\/wp-json\/wp\/v2\/media\/21628"}],"wp:attachment":[{"href":"https:\/\/www.sopha-sahara.com\/en\/wp-json\/wp\/v2\/media?parent=21658"}],"wp:term":[{"taxonomy":"product_cat","embeddable":true,"href":"https:\/\/www.sopha-sahara.com\/en\/wp-json\/wp\/v2\/product_cat?post=21658"},{"taxonomy":"product_tag","embeddable":true,"href":"https:\/\/www.sopha-sahara.com\/en\/wp-json\/wp\/v2\/product_tag?post=21658"}],"curies":[{"name":"wp","href":"https:\/\/api.w.org\/{rel}","templated":true}]}}