{"id":21657,"date":"2020-12-11T16:28:30","date_gmt":"2020-12-11T15:28:30","guid":{"rendered":"https:\/\/www.interbusinesschamber.com\/produit\/isis-pharma-teen-derm-k-creme-sebo-regulatrice-30-ml\/"},"modified":"2020-12-30T17:08:50","modified_gmt":"2020-12-30T16:08:50","slug":"isis-pharma-teen-derm-k-creme-sebo-regulatrice-30-ml","status":"publish","type":"product","link":"https:\/\/www.sopha-sahara.com\/en\/product\/isis-pharma-teen-derm-k-creme-sebo-regulatrice-30-ml\/","title":{"rendered":"ISIS PHARMA TEEN DERM K &#8211; CR\u00c8ME S\u00c9BO-R\u00c9GULATRICE (30 ML)"},"content":{"rendered":"<p><strong>utilisation<\/strong>\u00a0<br \/>teen derm k s\u2019applique quotidiennement le matin sur le visage nettoy\u00e9 avec teen derm gel. s\u2019applique directement sur les imperfections.\u00a0<\/p>\n<p><strong>propri\u00e9t\u00e9s<\/strong>\u00a0<br \/>teen derm k est un traitement k\u00e9ratolitique quotidien correcteur pour les peaux avec une acn\u00e9 classique \u00e0 mod\u00e9r\u00e9e :\u00a0<\/p>\n<p>1. le 5 \u03b1 -avocuta r\u00e9gule la s\u00e9cr\u00e9tion de s\u00e9bum et est anti-inflammatoire\u00a0<\/p>\n<p>2. la vitamine e r\u00e9duit l'inflammation de la peau et agit efficacement sur la prolif\u00e9ration bact\u00e9rienne\u00a0<\/p>\n<p>3. l'acide boswellique limite l'inflammation\u00a0<\/p>\n<p>4. le zinc poreux neutralise la s\u00e9cr\u00e9tion de s\u00e9bum avec facilit\u00e9 gr\u00e2ce \u00e0 son excellente capacit\u00e9 p\u00e9n\u00e9trante et absorbante\u00a0<\/p>\n<p><strong>ingr\u00e9dients<\/strong>\u00a0<br \/>aqua (water) c12-13 alkyl lactate diethylhexyl carbonate butyl avocadate dipropylene glycol methyl methacrylate crosspolymer c20-22 alkyl phosphate c20-22 alcohols xylitylglucoside tocopheryl acetate anhydroxylitol polyacrylate 13 triethanolamine polyisobutene phenoxyethanol alcohol denat. boswellia serrata extract xylitol chlorphenesin parfum (fragrance) salicylic acid disodium edta methylparaben polysorbate 20 butylparaben ethylparaben isobutylparaben propylparaben citronnellol hydroxyisohexyl 3-cyclohexene carboxaldehyde limonene linalool<\/p>","protected":false},"excerpt":{"rendered":"<p>Ndications\u00a0<br \/>peaux grasses \u00e0 imperfections\u00a0<br \/>cr\u00e8me s\u00e9bo-r\u00e9gulatrice\u00a0<\/p>","protected":false},"featured_media":21621,"template":"","meta":{"arc_restricted_post":false},"product_cat":[48,327],"product_tag":[],"_links":{"self":[{"href":"https:\/\/www.sopha-sahara.com\/en\/wp-json\/wp\/v2\/product\/21657"}],"collection":[{"href":"https:\/\/www.sopha-sahara.com\/en\/wp-json\/wp\/v2\/product"}],"about":[{"href":"https:\/\/www.sopha-sahara.com\/en\/wp-json\/wp\/v2\/types\/product"}],"wp:featuredmedia":[{"embeddable":true,"href":"https:\/\/www.sopha-sahara.com\/en\/wp-json\/wp\/v2\/media\/21621"}],"wp:attachment":[{"href":"https:\/\/www.sopha-sahara.com\/en\/wp-json\/wp\/v2\/media?parent=21657"}],"wp:term":[{"taxonomy":"product_cat","embeddable":true,"href":"https:\/\/www.sopha-sahara.com\/en\/wp-json\/wp\/v2\/product_cat?post=21657"},{"taxonomy":"product_tag","embeddable":true,"href":"https:\/\/www.sopha-sahara.com\/en\/wp-json\/wp\/v2\/product_tag?post=21657"}],"curies":[{"name":"wp","href":"https:\/\/api.w.org\/{rel}","templated":true}]}}