{"id":21656,"date":"2020-12-11T16:28:30","date_gmt":"2020-12-11T15:28:30","guid":{"rendered":"https:\/\/www.interbusinesschamber.com\/produit\/isis-pharma-unitone-4-white-30-ml\/"},"modified":"2020-12-30T17:12:34","modified_gmt":"2020-12-30T16:12:34","slug":"isis-pharma-unitone-4-white-30-ml","status":"publish","type":"product","link":"https:\/\/www.sopha-sahara.com\/en\/product\/isis-pharma-unitone-4-white-30-ml\/","title":{"rendered":"ISIS PHARMA UNITONE 4 WHITE 30 ML"},"content":{"rendered":"<h4><strong>Utilisation<\/strong><\/h4>\n<p>Appliquer UNITONE 4 White 1 fois par jour, uniquement le soir, sur les zones \u00e0 traiter.<br \/><strong>Ne pas utiliser de jour.<\/strong><\/p>\n<h4><strong>Propri\u00e9t\u00e9s<\/strong><\/h4>\n<p>Gr\u00e2ce \u00e0 son Complexe actif concentr\u00e9, UNITONE 4 White r\u00e9duit la production excessive de m\u00e9lanine qui est responsable des taches pigmentaires.<\/p>\n<p>1. Le Complexe actif concentr\u00e9 lutte contre la surproduction de m\u00e9lanine<\/p>\n<p>2. L'Acide glycolique exfolie la m\u00e9lanine pr\u00e9form\u00e9e \u00e0 la surface de la peau. Il nettoie la peau en exfoliant les cellules mortes<\/p>\n<p>3. L'Acide ascorbique am\u00e9liore l'\u00e9clat de la peau, il r\u00e9v\u00e8le et renouvelle la luminosit\u00e9 de la peau<\/p>","protected":false},"excerpt":{"rendered":"<p>Taches pigmentaires<br \/>Cr\u00e8me d\u00e9pigmentante active\u00a0<\/p>","protected":false},"featured_media":21625,"template":"","meta":{"arc_restricted_post":false},"product_cat":[48,327],"product_tag":[],"_links":{"self":[{"href":"https:\/\/www.sopha-sahara.com\/en\/wp-json\/wp\/v2\/product\/21656"}],"collection":[{"href":"https:\/\/www.sopha-sahara.com\/en\/wp-json\/wp\/v2\/product"}],"about":[{"href":"https:\/\/www.sopha-sahara.com\/en\/wp-json\/wp\/v2\/types\/product"}],"wp:featuredmedia":[{"embeddable":true,"href":"https:\/\/www.sopha-sahara.com\/en\/wp-json\/wp\/v2\/media\/21625"}],"wp:attachment":[{"href":"https:\/\/www.sopha-sahara.com\/en\/wp-json\/wp\/v2\/media?parent=21656"}],"wp:term":[{"taxonomy":"product_cat","embeddable":true,"href":"https:\/\/www.sopha-sahara.com\/en\/wp-json\/wp\/v2\/product_cat?post=21656"},{"taxonomy":"product_tag","embeddable":true,"href":"https:\/\/www.sopha-sahara.com\/en\/wp-json\/wp\/v2\/product_tag?post=21656"}],"curies":[{"name":"wp","href":"https:\/\/api.w.org\/{rel}","templated":true}]}}