{"id":21655,"date":"2020-12-11T16:28:30","date_gmt":"2020-12-11T15:28:30","guid":{"rendered":"https:\/\/www.interbusinesschamber.com\/produit\/isis-pharma-unitone-4-reveal-spf-20\/"},"modified":"2020-12-30T17:11:21","modified_gmt":"2020-12-30T16:11:21","slug":"isis-pharma-unitone-4-reveal-spf-20","status":"publish","type":"product","link":"https:\/\/www.sopha-sahara.com\/en\/product\/isis-pharma-unitone-4-reveal-spf-20\/","title":{"rendered":"ISIS PHARMA UNITONE 4 REVEAL SPF 20"},"content":{"rendered":"<p><strong>Utilisation<\/strong><\/p>\n<p>Apply UNITONE 4 Reveal SPF20 1 fois par jour, le matin sur le visage. UNITONE 4 Reveal SPF20 a \u00e9t\u00e9 sp\u00e9cialement formul\u00e9e pour prot\u00e9ger la peau contre les UVA et UVB.\u00a0<\/p>\n<p><strong>Propri\u00e9t\u00e9s<\/strong><\/p>\n<p>L'intensit\u00e9 des taches pigmentaires est visiblement r\u00e9duite et la peau r\u00e9cup\u00e8re sa luminosit\u00e9 gr\u00e2ce \u00e0 l'Alpha-Arbutin qui inhibe la m\u00e9lanog\u00e9n\u00e8se en inhibant la tyrosinase et l'Acide Ascorbique qui r\u00e9duit la m\u00e9lanine pr\u00e9form\u00e9e et a des propri\u00e9t\u00e9s anti-radicales. Les \u00e9crans min\u00e9raux optimisent la protection contre les UVA et les UVB.\u00a0<\/p>","protected":false},"excerpt":{"rendered":"<p>Taches pigmentaires<br \/>Cr\u00e8me protectrice \u00e9claircissante\u00a0<\/p>","protected":false},"featured_media":21624,"template":"","meta":{"arc_restricted_post":false},"product_cat":[48,327],"product_tag":[],"_links":{"self":[{"href":"https:\/\/www.sopha-sahara.com\/en\/wp-json\/wp\/v2\/product\/21655"}],"collection":[{"href":"https:\/\/www.sopha-sahara.com\/en\/wp-json\/wp\/v2\/product"}],"about":[{"href":"https:\/\/www.sopha-sahara.com\/en\/wp-json\/wp\/v2\/types\/product"}],"wp:featuredmedia":[{"embeddable":true,"href":"https:\/\/www.sopha-sahara.com\/en\/wp-json\/wp\/v2\/media\/21624"}],"wp:attachment":[{"href":"https:\/\/www.sopha-sahara.com\/en\/wp-json\/wp\/v2\/media?parent=21655"}],"wp:term":[{"taxonomy":"product_cat","embeddable":true,"href":"https:\/\/www.sopha-sahara.com\/en\/wp-json\/wp\/v2\/product_cat?post=21655"},{"taxonomy":"product_tag","embeddable":true,"href":"https:\/\/www.sopha-sahara.com\/en\/wp-json\/wp\/v2\/product_tag?post=21655"}],"curies":[{"name":"wp","href":"https:\/\/api.w.org\/{rel}","templated":true}]}}