{"id":21654,"date":"2020-12-11T16:28:30","date_gmt":"2020-12-11T15:28:30","guid":{"rendered":"https:\/\/www.interbusinesschamber.com\/produit\/isis-pharma-secalia-ds-emulsion-hydro-lipidique-visage\/"},"modified":"2020-12-30T17:00:16","modified_gmt":"2020-12-30T16:00:16","slug":"isis-pharma-secalia-ds-emulsion-hydro-lipidique-visage","status":"publish","type":"product","link":"https:\/\/www.sopha-sahara.com\/en\/product\/isis-pharma-secalia-ds-emulsion-hydro-lipidique-visage\/","title":{"rendered":"ISIS PHARMA SECALIA DS EMULSION HYDRO-LIPIDIQUE VISAGE"},"content":{"rendered":"","protected":false},"excerpt":{"rendered":"<p>Isispharma Secalia DS s\u00e9cheresse cutan\u00e9e \u00c9mulsion Hydro-lipidique est sp\u00e9cialement adapt\u00e9 aux peaux s\u00e8ches. Il r\u00e9pare, hydrate jusqu&rsquo;\u00e0 8 heures et apaise les sensations d&rsquo;inconfort. La peau retrouve douceur et souplesse. Sa texture fra\u00eeche et cr\u00e9meuse est non collante et rapidement absorb\u00e9e. Formule tr\u00e8s haute tol\u00e9rance.\u00a0<\/p>\n<p>CONSEILS D&rsquo;UTILISATION :\u00a0<\/p>\n<p>Appliquez SECALIA\u00ae DS une \u00e0 deux fois par jour sur une peau propre et s\u00e8che dans les zones touch\u00e9es. Effectuez des mouvements circulaires jusqu&rsquo;\u00e0 ce que le produit soit compl\u00e8tement absorb\u00e9.\u00a0<br \/>\u00c9viter le contact visuel. En usage externe seulement.\u00a0<\/p>","protected":false},"featured_media":21614,"template":"","meta":{"arc_restricted_post":false},"product_cat":[48,327],"product_tag":[],"_links":{"self":[{"href":"https:\/\/www.sopha-sahara.com\/en\/wp-json\/wp\/v2\/product\/21654"}],"collection":[{"href":"https:\/\/www.sopha-sahara.com\/en\/wp-json\/wp\/v2\/product"}],"about":[{"href":"https:\/\/www.sopha-sahara.com\/en\/wp-json\/wp\/v2\/types\/product"}],"wp:featuredmedia":[{"embeddable":true,"href":"https:\/\/www.sopha-sahara.com\/en\/wp-json\/wp\/v2\/media\/21614"}],"wp:attachment":[{"href":"https:\/\/www.sopha-sahara.com\/en\/wp-json\/wp\/v2\/media?parent=21654"}],"wp:term":[{"taxonomy":"product_cat","embeddable":true,"href":"https:\/\/www.sopha-sahara.com\/en\/wp-json\/wp\/v2\/product_cat?post=21654"},{"taxonomy":"product_tag","embeddable":true,"href":"https:\/\/www.sopha-sahara.com\/en\/wp-json\/wp\/v2\/product_tag?post=21654"}],"curies":[{"name":"wp","href":"https:\/\/api.w.org\/{rel}","templated":true}]}}