{"id":21653,"date":"2020-12-11T16:28:30","date_gmt":"2020-12-11T15:28:30","guid":{"rendered":"https:\/\/www.interbusinesschamber.com\/produit\/isis-pharma-xerolan-spray-emollient-reparateur-apaisant-150-ml\/"},"modified":"2020-12-30T17:17:25","modified_gmt":"2020-12-30T16:17:25","slug":"isis-pharma-xerolan-spray-emollient-reparateur-apaisant-150-ml","status":"publish","type":"product","link":"https:\/\/www.sopha-sahara.com\/en\/product\/isis-pharma-xerolan-spray-emollient-reparateur-apaisant-150-ml\/","title":{"rendered":"ISIS PHARMA XEROLAN SPRAY \u00c9MOLLIENT R\u00c9PARATEUR APAISANT 150 ML"},"content":{"rendered":"<p><strong>UTILISATION<\/strong><br \/>\u2022 APPLIQUER 2 FOIS PAR JOUR ET AUSSI SOUVENT QUE N\u00c9CESSAIRE SUR PEAU PROPRE S\u00c8CHE OU HUMIDE.<br \/>\u2022 PULV\u00c9RISER LE PRODUIT \u00c0 15CM MINIMUM DE LA PEAU.<br \/>\u2022 PEUT \u00caTRE UTILIS\u00c9 M\u00caME \u00c0 L\u2019ENVERS POUR ATTEINDRE LES ZONES MOINS ACCESSIBLES (PIEDS DOS ETC.).<br \/>\u2022 PAS BESOIN D\u2019\u00c9TALER LE PRODUIT : LA FORMULE CR\u00c9\u00c9 UNE PROTECTION \u00c0 LA SURFACE DE LA PEAU.<br \/>\u2022 ATTENDRE LA P\u00c9N\u00c9TRATION COMPL\u00c8TE DU PRODUIT AVANT DE S\u2019HABILLER.<\/p>\n<p>FORMULE 100% NATURELLE \u2022 SANS PARFUM \u2022 HYPOALLERG\u00c9NIQUE<\/p>\n<p>TEST\u00c9 SOUS CONTR\u00d4LE DERMATOLOGIQUE<\/p>","protected":false},"excerpt":{"rendered":"<p>le nouveau geste barri\u00e8re qui r\u00e9pare et apaise la peau.<\/p>\n<p>irritations br\u00fblures superficielles s\u00e9cheresse s\u00e9v\u00e8re de la peau\u2026isispharma innove en vous proposant le premier spray \u00e9mollient r\u00e9parateur et apaisant pour tous les types de peau sensibilis\u00e9e.<br \/>une application nouvelle simple efficace et hygi\u00e9nique sp\u00e9cialement con\u00e7ue pour faciliter les soins de la peau fragilis\u00e9e.<\/p>\n<p>EN UN SEUL GESTE:<\/p>\n<p>1 ) APAISE IMM\u00c9DIATEMENT\u00a0<\/p>\n<p>2 ) HYDRATE DURABLEMENT\u00a0<\/p>\n<p>3 ) R\u00c9PARE LA PEAU\u00a0<\/p>","protected":false},"featured_media":21632,"template":"","meta":{"arc_restricted_post":false},"product_cat":[48,327],"product_tag":[],"_links":{"self":[{"href":"https:\/\/www.sopha-sahara.com\/en\/wp-json\/wp\/v2\/product\/21653"}],"collection":[{"href":"https:\/\/www.sopha-sahara.com\/en\/wp-json\/wp\/v2\/product"}],"about":[{"href":"https:\/\/www.sopha-sahara.com\/en\/wp-json\/wp\/v2\/types\/product"}],"wp:featuredmedia":[{"embeddable":true,"href":"https:\/\/www.sopha-sahara.com\/en\/wp-json\/wp\/v2\/media\/21632"}],"wp:attachment":[{"href":"https:\/\/www.sopha-sahara.com\/en\/wp-json\/wp\/v2\/media?parent=21653"}],"wp:term":[{"taxonomy":"product_cat","embeddable":true,"href":"https:\/\/www.sopha-sahara.com\/en\/wp-json\/wp\/v2\/product_cat?post=21653"},{"taxonomy":"product_tag","embeddable":true,"href":"https:\/\/www.sopha-sahara.com\/en\/wp-json\/wp\/v2\/product_tag?post=21653"}],"curies":[{"name":"wp","href":"https:\/\/api.w.org\/{rel}","templated":true}]}}