{"id":21652,"date":"2020-12-11T16:28:30","date_gmt":"2020-12-11T15:28:30","guid":{"rendered":"https:\/\/www.interbusinesschamber.com\/produit\/isis-pharma-uveblock-50day-secure-40ml\/"},"modified":"2020-12-30T17:16:45","modified_gmt":"2020-12-30T16:16:45","slug":"isis-pharma-uveblock-50day-secure-40ml","status":"publish","type":"product","link":"https:\/\/www.sopha-sahara.com\/en\/product\/isis-pharma-uveblock-50day-secure-40ml\/","title":{"rendered":"ISIS PHARMA UVEBLOCK 50+DAY SECURE (40ML)"},"content":{"rendered":"<p><strong>comment utiliser :\u00a0<\/strong><\/p>\n<p>appliquer chaque matin \u00e0 la fin de la routine de soins de la peau. uveblock\u00ae 50 jour secure est une base de maquillage id\u00e9ale. peut \u00eatre utilis\u00e9 toute l'ann\u00e9e.\u00a0<\/p>","protected":false},"excerpt":{"rendered":"<p>Isispharma uveblock 50+day secure (40ml) est une haute photoprotection quotidienne enrichie avec un ingr\u00e9dient de r\u00e9tinol-like qui a \u00e9t\u00e9 sp\u00e9cialement con\u00e7u pour prot\u00e9ger la peau contre l&rsquo; hyperpigmentation.\u00a0<\/p>","protected":false},"featured_media":21631,"template":"","meta":{"arc_restricted_post":false},"product_cat":[48,327],"product_tag":[],"_links":{"self":[{"href":"https:\/\/www.sopha-sahara.com\/en\/wp-json\/wp\/v2\/product\/21652"}],"collection":[{"href":"https:\/\/www.sopha-sahara.com\/en\/wp-json\/wp\/v2\/product"}],"about":[{"href":"https:\/\/www.sopha-sahara.com\/en\/wp-json\/wp\/v2\/types\/product"}],"wp:featuredmedia":[{"embeddable":true,"href":"https:\/\/www.sopha-sahara.com\/en\/wp-json\/wp\/v2\/media\/21631"}],"wp:attachment":[{"href":"https:\/\/www.sopha-sahara.com\/en\/wp-json\/wp\/v2\/media?parent=21652"}],"wp:term":[{"taxonomy":"product_cat","embeddable":true,"href":"https:\/\/www.sopha-sahara.com\/en\/wp-json\/wp\/v2\/product_cat?post=21652"},{"taxonomy":"product_tag","embeddable":true,"href":"https:\/\/www.sopha-sahara.com\/en\/wp-json\/wp\/v2\/product_tag?post=21652"}],"curies":[{"name":"wp","href":"https:\/\/api.w.org\/{rel}","templated":true}]}}