{"id":21651,"date":"2020-12-11T16:28:30","date_gmt":"2020-12-11T15:28:30","guid":{"rendered":"https:\/\/www.interbusinesschamber.com\/produit\/isis-pharma-unitone-4-reveal-creme-eclaircissante-active-30-ml\/"},"modified":"2020-12-30T17:10:55","modified_gmt":"2020-12-30T16:10:55","slug":"isis-pharma-unitone-4-reveal-creme-eclaircissante-active-30-ml","status":"publish","type":"product","link":"https:\/\/www.sopha-sahara.com\/en\/product\/isis-pharma-unitone-4-reveal-creme-eclaircissante-active-30-ml\/","title":{"rendered":"ISIS PHARMA UNITONE 4 REVEAL CR\u00c8ME \u00c9CLAIRCISSANTE ACTIVE (30 ML)"},"content":{"rendered":"<p><strong>utilisation<\/strong>\u00a0<\/p>\n<p>appliquer \u00a0unitone\u00ae 4 reveal le matin sur les zones \u00e0 traiter ou comme indiqu\u00e9 par votre dermatologue ou professionnel de sant\u00e9. peut \u00eatre utilis\u00e9 le jour.\u00a0<\/p>","protected":false},"excerpt":{"rendered":"<p>isispharma unitone 4 reveal cr\u00e8me \u00e9claircissante active pour traiter les taches pigmentaires\u00a0<\/p>\n<p>est une cr\u00e8me formul\u00e9e avec un complexe \u00e9claircissant de 2 actifs.\u00a0<\/p>\n<p>propri\u00e9t\u00e9s des principaux actifs\u00a0<\/p>\n<p>\u2022 \u03b1-arbutine et acide ascorbique : diminuent la m\u00e9lanog\u00e9n\u00e8se par l\u2019inhibition de la tyrosinase\u00a0<\/p>","protected":false},"featured_media":21623,"template":"","meta":{"arc_restricted_post":false},"product_cat":[48,327],"product_tag":[],"_links":{"self":[{"href":"https:\/\/www.sopha-sahara.com\/en\/wp-json\/wp\/v2\/product\/21651"}],"collection":[{"href":"https:\/\/www.sopha-sahara.com\/en\/wp-json\/wp\/v2\/product"}],"about":[{"href":"https:\/\/www.sopha-sahara.com\/en\/wp-json\/wp\/v2\/types\/product"}],"wp:featuredmedia":[{"embeddable":true,"href":"https:\/\/www.sopha-sahara.com\/en\/wp-json\/wp\/v2\/media\/21623"}],"wp:attachment":[{"href":"https:\/\/www.sopha-sahara.com\/en\/wp-json\/wp\/v2\/media?parent=21651"}],"wp:term":[{"taxonomy":"product_cat","embeddable":true,"href":"https:\/\/www.sopha-sahara.com\/en\/wp-json\/wp\/v2\/product_cat?post=21651"},{"taxonomy":"product_tag","embeddable":true,"href":"https:\/\/www.sopha-sahara.com\/en\/wp-json\/wp\/v2\/product_tag?post=21651"}],"curies":[{"name":"wp","href":"https:\/\/api.w.org\/{rel}","templated":true}]}}