{"id":21650,"date":"2020-12-11T16:28:29","date_gmt":"2020-12-11T15:28:29","guid":{"rendered":"https:\/\/www.interbusinesschamber.com\/produit\/isis-pharma-ruboril-anti-rougeurs-30-ml\/"},"modified":"2020-12-30T16:54:04","modified_gmt":"2020-12-30T15:54:04","slug":"isis-pharma-ruboril-anti-rougeurs-30-ml","status":"publish","type":"product","link":"https:\/\/www.sopha-sahara.com\/en\/product\/isis-pharma-ruboril-anti-rougeurs-30-ml\/","title":{"rendered":"ISIS PHARMA RUBORIL ANTI-ROUGEURS 30 ML"},"content":{"rendered":"","protected":false},"excerpt":{"rendered":"<p>ISISPHARMA RUBORIL SOIN ANTI ROUGEURS Il est con\u00e7u pour les peaux sensibles, \u00e9ryth\u00e8me diffus et rosac\u00e9e permanent de l&rsquo;intensit\u00e9 lumineuse et mod\u00e9r\u00e9 et un traitement adjuvant pour le traitement de graves de l&rsquo;acn\u00e9 rosac\u00e9e. Soulage les sympt\u00f4mes de congestion, renforce les vaisseaux sanguins, diminue la vasodilatation et l&rsquo;apparition de rougeurs peuvent \u00eatre utilis\u00e9s en monoth\u00e9rapie ou en compl\u00e9ment d&rsquo;un autre traitement: bistouri \u00e9lectrique, la coagulation au laser.<br \/>Il est bien tol\u00e9r\u00e9 par la peau.<\/p>","protected":false},"featured_media":21606,"template":"","meta":{"arc_restricted_post":false},"product_cat":[48,327],"product_tag":[],"_links":{"self":[{"href":"https:\/\/www.sopha-sahara.com\/en\/wp-json\/wp\/v2\/product\/21650"}],"collection":[{"href":"https:\/\/www.sopha-sahara.com\/en\/wp-json\/wp\/v2\/product"}],"about":[{"href":"https:\/\/www.sopha-sahara.com\/en\/wp-json\/wp\/v2\/types\/product"}],"wp:featuredmedia":[{"embeddable":true,"href":"https:\/\/www.sopha-sahara.com\/en\/wp-json\/wp\/v2\/media\/21606"}],"wp:attachment":[{"href":"https:\/\/www.sopha-sahara.com\/en\/wp-json\/wp\/v2\/media?parent=21650"}],"wp:term":[{"taxonomy":"product_cat","embeddable":true,"href":"https:\/\/www.sopha-sahara.com\/en\/wp-json\/wp\/v2\/product_cat?post=21650"},{"taxonomy":"product_tag","embeddable":true,"href":"https:\/\/www.sopha-sahara.com\/en\/wp-json\/wp\/v2\/product_tag?post=21650"}],"curies":[{"name":"wp","href":"https:\/\/api.w.org\/{rel}","templated":true}]}}